{"id":54900,"date":"2025-05-03T09:23:28","date_gmt":"2025-05-03T07:23:31","guid":{"rendered":"https:\/\/gmtravelsolution.com\/?post_type=product&#038;p=54900"},"modified":"2025-12-31T16:46:42","modified_gmt":"2025-12-31T14:46:42","slug":"fast-track-gold-borg-el-arab","status":"publish","type":"product","link":"https:\/\/gmtravelsolution.com\/it\/products\/fast-track-gold-borg-el-arab\/","title":{"rendered":"Corsia Preferenziale Gold Borg El Arab"},"content":{"rendered":"<p>Costo per il primo adulto \u00e8 <span style=\"color: #339966;\"><strong>200$<\/strong><\/span> (Costo per ogni adulto e bambino in pi\u00f9: <span style=\"color: #ff9900;\"><strong>70$\/40$ departure\/arrival; <\/strong><\/span>costo per ogni infante:<span style=\"color: #ff9900;\"><strong>40$<\/strong><\/span>).<\/p>\n<p>Adulti: 12+ anni \/\/\/ Bambini: 2 \u2013 11.99 anni \/\/\/ Infante: 0 &#8211; 1.99 anni<\/p>\n<p>Rendi il tuo viaggio pi\u00f9 privato e lussuoso e viaggia da\/per la porta del tuo aereo con un autobus privato. Dopo aver espletato molto rapidamente tutte le formalit\u00e0 per la classe business o economica, il nostro agente ti accompagner\u00e0 nella sala VIP per rilassarti prima del volo alla partenza o mentre il portiere ritira i bagagli al tuo arrivo.<\/p>\n<p>Partenza: verrai accolto da uno dei nostri cortesi agenti e assistente portiere con in mano un cartello di benvenuto con il tuo nome all&#8217;ingresso del terminal delle partenze. Il nostro agente completer\u00e0 tutte le procedure di partenza saltando le file e ti accompagner\u00e0 alla lounge. Quando verr\u00e0 annunciato l&#8217;imbarco, verrai accompagnato all&#8217;aereo da un autobus privato.<\/p>\n<p>Arrivo: vi incontreremo all&#8217;ingresso dell&#8217;aereo, vi accompagneremo con un bus privato alla sala arrivi, vi faremo passare velocemente attraverso il controllo passaporti, dopodich\u00e9 il facchino ritirer\u00e0 i vostri bagagli, vi assister\u00e0 al controllo doganale e infine vi accompagner\u00e0 al vostro transfer.<\/p>\n<p>&nbsp;<\/p>\n","protected":false},"excerpt":{"rendered":"<p><span style=\"font-size: 14pt; color: #ff0000;\">Questo servizio \u00e8 disponibile solo nel Terminal 2<\/span><\/p>\n","protected":false},"featured_media":55335,"comment_status":"open","ping_status":"closed","template":"","meta":{"_mi_skip_tracking":false},"product_cat":[1566,1210,689,747],"product_tag":[690,1544,698],"class_list":["post-54900","product","type-product","status-publish","has-post-thumbnail","hentry","product_cat-borg-el-arab-it","product_cat-egitto","product_cat-meet-assist-it","product_cat-gold-it","product_tag-airport-it","product_tag-el-alamein-it","product_tag-meet-assist-plus-it"],"yoast_head":"<!-- This site is optimized with the Yoast SEO Premium plugin v21.5 (Yoast SEO v21.5) - https:\/\/yoast.com\/wordpress\/plugins\/seo\/ -->\n<title>Corsia Preferenziale Gold Borg El Arab - Global Marketing<\/title>\n<meta name=\"robots\" content=\"index, follow, max-snippet:-1, max-image-preview:large, max-video-preview:-1\" \/>\n<link rel=\"canonical\" href=\"https:\/\/gmtravelsolution.com\/it\/products\/fast-track-gold-borg-el-arab\/\" \/>\n<meta property=\"og:locale\" content=\"it_IT\" \/>\n<meta property=\"og:type\" content=\"article\" \/>\n<meta property=\"og:title\" content=\"Corsia Preferenziale Gold Borg El Arab\" \/>\n<meta property=\"og:description\" content=\"Questo servizio \u00e8 disponibile solo nel Terminal 2\" \/>\n<meta property=\"og:url\" content=\"https:\/\/gmtravelsolution.com\/it\/products\/fast-track-gold-borg-el-arab\/\" \/>\n<meta property=\"og:site_name\" content=\"Global Marketing\" \/>\n<meta property=\"article:modified_time\" content=\"2025-12-31T14:46:42+00:00\" \/>\n<meta property=\"og:image\" content=\"https:\/\/gmtravelsolution.com\/wp-content\/uploads\/2025\/05\/6.jpg\" \/>\n\t<meta property=\"og:image:width\" content=\"768\" \/>\n\t<meta property=\"og:image:height\" content=\"392\" \/>\n\t<meta property=\"og:image:type\" content=\"image\/jpeg\" \/>\n<meta name=\"twitter:card\" content=\"summary_large_image\" \/>\n<meta name=\"twitter:label1\" content=\"Tempo di lettura stimato\" \/>\n\t<meta name=\"twitter:data1\" content=\"1 minuto\" \/>\n<script type=\"application\/ld+json\" class=\"yoast-schema-graph\">{\"@context\":\"https:\/\/schema.org\",\"@graph\":[{\"@type\":\"WebPage\",\"@id\":\"https:\/\/gmtravelsolution.com\/it\/products\/fast-track-gold-borg-el-arab\/\",\"url\":\"https:\/\/gmtravelsolution.com\/it\/products\/fast-track-gold-borg-el-arab\/\",\"name\":\"Corsia Preferenziale Gold Borg El Arab - Global Marketing\",\"isPartOf\":{\"@id\":\"https:\/\/gmtravelsolution.com\/#website\"},\"datePublished\":\"2025-05-03T07:23:31+00:00\",\"dateModified\":\"2025-12-31T14:46:42+00:00\",\"breadcrumb\":{\"@id\":\"https:\/\/gmtravelsolution.com\/it\/products\/fast-track-gold-borg-el-arab\/#breadcrumb\"},\"inLanguage\":\"it-IT\",\"potentialAction\":[{\"@type\":\"ReadAction\",\"target\":[\"https:\/\/gmtravelsolution.com\/it\/products\/fast-track-gold-borg-el-arab\/\"]}]},{\"@type\":\"BreadcrumbList\",\"@id\":\"https:\/\/gmtravelsolution.com\/it\/products\/fast-track-gold-borg-el-arab\/#breadcrumb\",\"itemListElement\":[{\"@type\":\"ListItem\",\"position\":1,\"name\":\"Home\",\"item\":\"https:\/\/gmtravelsolution.com\/\"},{\"@type\":\"ListItem\",\"position\":2,\"name\":\"Prenotazione\",\"item\":\"https:\/\/gmtravelsolution.com\/it\/shop\/\"},{\"@type\":\"ListItem\",\"position\":3,\"name\":\"Corsia Preferenziale Gold Borg El Arab\"}]},{\"@type\":\"WebSite\",\"@id\":\"https:\/\/gmtravelsolution.com\/#website\",\"url\":\"https:\/\/gmtravelsolution.com\/\",\"name\":\"Global Marketing\",\"description\":\"Travel Solution\",\"potentialAction\":[{\"@type\":\"SearchAction\",\"target\":{\"@type\":\"EntryPoint\",\"urlTemplate\":\"https:\/\/gmtravelsolution.com\/?s={search_term_string}\"},\"query-input\":\"required name=search_term_string\"}],\"inLanguage\":\"it-IT\"}]}<\/script>\n<!-- \/ Yoast SEO Premium plugin. -->","yoast_head_json":{"title":"Corsia Preferenziale Gold Borg El Arab - Global Marketing","robots":{"index":"index","follow":"follow","max-snippet":"max-snippet:-1","max-image-preview":"max-image-preview:large","max-video-preview":"max-video-preview:-1"},"canonical":"https:\/\/gmtravelsolution.com\/it\/products\/fast-track-gold-borg-el-arab\/","og_locale":"it_IT","og_type":"article","og_title":"Corsia Preferenziale Gold Borg El Arab","og_description":"Questo servizio \u00e8 disponibile solo nel Terminal 2","og_url":"https:\/\/gmtravelsolution.com\/it\/products\/fast-track-gold-borg-el-arab\/","og_site_name":"Global Marketing","article_modified_time":"2025-12-31T14:46:42+00:00","og_image":[{"width":768,"height":392,"url":"https:\/\/gmtravelsolution.com\/wp-content\/uploads\/2025\/05\/6.jpg","type":"image\/jpeg"}],"twitter_card":"summary_large_image","twitter_misc":{"Tempo di lettura stimato":"1 minuto"},"schema":{"@context":"https:\/\/schema.org","@graph":[{"@type":"WebPage","@id":"https:\/\/gmtravelsolution.com\/it\/products\/fast-track-gold-borg-el-arab\/","url":"https:\/\/gmtravelsolution.com\/it\/products\/fast-track-gold-borg-el-arab\/","name":"Corsia Preferenziale Gold Borg El Arab - Global Marketing","isPartOf":{"@id":"https:\/\/gmtravelsolution.com\/#website"},"datePublished":"2025-05-03T07:23:31+00:00","dateModified":"2025-12-31T14:46:42+00:00","breadcrumb":{"@id":"https:\/\/gmtravelsolution.com\/it\/products\/fast-track-gold-borg-el-arab\/#breadcrumb"},"inLanguage":"it-IT","potentialAction":[{"@type":"ReadAction","target":["https:\/\/gmtravelsolution.com\/it\/products\/fast-track-gold-borg-el-arab\/"]}]},{"@type":"BreadcrumbList","@id":"https:\/\/gmtravelsolution.com\/it\/products\/fast-track-gold-borg-el-arab\/#breadcrumb","itemListElement":[{"@type":"ListItem","position":1,"name":"Home","item":"https:\/\/gmtravelsolution.com\/"},{"@type":"ListItem","position":2,"name":"Prenotazione","item":"https:\/\/gmtravelsolution.com\/it\/shop\/"},{"@type":"ListItem","position":3,"name":"Corsia Preferenziale Gold Borg El Arab"}]},{"@type":"WebSite","@id":"https:\/\/gmtravelsolution.com\/#website","url":"https:\/\/gmtravelsolution.com\/","name":"Global Marketing","description":"Travel Solution","potentialAction":[{"@type":"SearchAction","target":{"@type":"EntryPoint","urlTemplate":"https:\/\/gmtravelsolution.com\/?s={search_term_string}"},"query-input":"required name=search_term_string"}],"inLanguage":"it-IT"}]}},"_links":{"self":[{"href":"https:\/\/gmtravelsolution.com\/it\/wp-json\/wp\/v2\/product\/54900","targetHints":{"allow":["GET"]}}],"collection":[{"href":"https:\/\/gmtravelsolution.com\/it\/wp-json\/wp\/v2\/product"}],"about":[{"href":"https:\/\/gmtravelsolution.com\/it\/wp-json\/wp\/v2\/types\/product"}],"replies":[{"embeddable":true,"href":"https:\/\/gmtravelsolution.com\/it\/wp-json\/wp\/v2\/comments?post=54900"}],"version-history":[{"count":7,"href":"https:\/\/gmtravelsolution.com\/it\/wp-json\/wp\/v2\/product\/54900\/revisions"}],"predecessor-version":[{"id":60982,"href":"https:\/\/gmtravelsolution.com\/it\/wp-json\/wp\/v2\/product\/54900\/revisions\/60982"}],"wp:featuredmedia":[{"embeddable":true,"href":"https:\/\/gmtravelsolution.com\/it\/wp-json\/wp\/v2\/media\/55335"}],"wp:attachment":[{"href":"https:\/\/gmtravelsolution.com\/it\/wp-json\/wp\/v2\/media?parent=54900"}],"wp:term":[{"taxonomy":"product_cat","embeddable":true,"href":"https:\/\/gmtravelsolution.com\/it\/wp-json\/wp\/v2\/product_cat?post=54900"},{"taxonomy":"product_tag","embeddable":true,"href":"https:\/\/gmtravelsolution.com\/it\/wp-json\/wp\/v2\/product_tag?post=54900"}],"curies":[{"name":"wp","href":"https:\/\/api.w.org\/{rel}","templated":true}]}}