{"id":48776,"date":"2024-09-14T17:28:32","date_gmt":"2024-09-22T12:36:28","guid":{"rendered":"https:\/\/gmtravelsolution.com\/?post_type=product&#038;p=48776"},"modified":"2025-12-31T19:54:14","modified_gmt":"2025-12-31T17:54:14","slug":"fast-track-royal-borg-el-arab","status":"publish","type":"product","link":"https:\/\/gmtravelsolution.com\/it\/products\/fast-track-royal-borg-el-arab\/","title":{"rendered":"Corsia Preferenziale Royal Borg El Arab"},"content":{"rendered":"<p><span style=\"color: #339966;\"><span style=\"color: #333333;\">Prezzo di servizio in base alla dimensione del gruppo:<\/span><br \/>\n<span style=\"color: #333333;\">1) gruppo da 1 a 5 passeggeri:<\/span>\u00a0<\/span><strong><span style=\"color: #339966;\"> 700$<\/span><\/strong> primo passeggero + <strong><span style=\"color: #ff9900;\">\u00a0100$<\/span><\/strong> ogni passeggero aggiuntivo<br \/>\n<span style=\"color: #339966;\"><span style=\"color: #333333;\">2) gruppo da 6 a 10 passeggeri:<\/span>\u00a0<\/span><strong><span style=\"color: #339966;\"> 800$<\/span><\/strong> primo passeggero + <strong><span style=\"color: #ff9900;\">\u00a0100$<\/span><\/strong> ogni passeggero aggiuntivo<br \/>\n<span style=\"color: #339966;\"><span style=\"color: #333333;\">3) gruppo da 11 a 20 passeggeri:<\/span>\u00a0<\/span><strong><span style=\"color: #339966;\"> 850$<\/span><\/strong> primo passeggero + <strong><span style=\"color: #ff9900;\">\u00a0150$<\/span><\/strong> ogni passeggero aggiuntivo<\/p>\n<p><strong>Arrivo<\/strong><\/p>\n<p>Scendi dall&#8217;aereo e entra in un mondo di servizi personalizzati. Il nostro accogliente addetto, con un cartello con il tuo nome, attender\u00e0 con ansia il tuo arrivo alle porte dell&#8217;aereo. Lasciati accompagnare nella lounge privata, dove le formalit\u00e0 di immigrazione saranno gestite senza problemi mentre ti rilassi in tutta comodit\u00e0.<\/p>\n<p><strong>Servizi della Lounge:<\/strong><\/p>\n<ul>\n<li>Variet\u00e0 di snack e bevande analcoliche.<\/li>\n<li>Area fumatori.<\/li>\n<li>Bagni privati.<\/li>\n<li>Area salotto confortevole.<\/li>\n<li>Schermo con orari dei voli.<\/li>\n<\/ul>\n<p>Non preoccuparti per i tuoi bagagli \u2013 il nostro personale attento se ne occuper\u00e0 per te. Una volta completate tutte le procedure di arrivo, il nostro rappresentante ti accompagner\u00e0 al tuo mezzo di trasporto.<\/p>\n<p><strong>Partenza<\/strong><\/p>\n<p>\u201eUna volta arrivato all&#8217;aeroporto di Borg El Arab, il nostro accogliente addetto ti incontrer\u00e0 all&#8217;ingresso privato della sala privata e ti accompagner\u00e0 all&#8217;interno. Tutte le procedure di partenza saranno gestite senza problemi dal nostro agente mentre ti godi la privacy e il comfort nella lounge della sala privata.<\/p>\n<p>Quando l&#8217;imbarco sar\u00e0 annunciato, sarai accompagnato privatamente fino alla porta dell&#8217;aereo, per assicurarti un viaggio eccezionale.<\/p>\n<p><strong>Servizi della Lounge:<\/strong><\/p>\n<ul>\n<li>Variet\u00e0 di snack e bevande analcoliche.<\/li>\n<li>Area fumatori.<\/li>\n<li>Bagni privati.<\/li>\n<li>Area salotto confortevole.<\/li>\n<li>Schermo con orari dei voli.<\/li>\n<\/ul>\n","protected":false},"excerpt":{"rendered":"<p>Prezzo di servizio in base alla dimensione del gruppo: 1) gruppo da 1 a 5 passeggeri:\u00a0 700$ primo passeggero +<\/p>\n","protected":false},"featured_media":48748,"comment_status":"open","ping_status":"closed","template":"","meta":{"_mi_skip_tracking":false},"product_cat":[1566,1210],"product_tag":[],"class_list":["post-48776","product","type-product","status-publish","has-post-thumbnail","hentry","product_cat-borg-el-arab-it","product_cat-egitto"],"yoast_head":"<!-- This site is optimized with the Yoast SEO Premium plugin v21.5 (Yoast SEO v21.5) - https:\/\/yoast.com\/wordpress\/plugins\/seo\/ -->\n<title>Corsia Preferenziale Royal Borg El Arab - Global Marketing<\/title>\n<meta name=\"robots\" content=\"index, follow, max-snippet:-1, max-image-preview:large, max-video-preview:-1\" \/>\n<link rel=\"canonical\" href=\"https:\/\/gmtravelsolution.com\/it\/products\/fast-track-royal-borg-el-arab\/\" \/>\n<meta property=\"og:locale\" content=\"it_IT\" \/>\n<meta property=\"og:type\" content=\"article\" \/>\n<meta property=\"og:title\" content=\"Corsia Preferenziale Royal Borg El Arab\" \/>\n<meta property=\"og:description\" content=\"Prezzo di servizio in base alla dimensione del gruppo: 1) gruppo da 1 a 5 passeggeri:\u00a0 700$ primo passeggero +\" \/>\n<meta property=\"og:url\" content=\"https:\/\/gmtravelsolution.com\/it\/products\/fast-track-royal-borg-el-arab\/\" \/>\n<meta property=\"og:site_name\" content=\"Global Marketing\" \/>\n<meta property=\"article:modified_time\" content=\"2025-12-31T17:54:14+00:00\" \/>\n<meta property=\"og:image\" content=\"https:\/\/gmtravelsolution.com\/wp-content\/uploads\/2024\/09\/borg-el-arab-egypt-airports-services-1.png\" \/>\n\t<meta property=\"og:image:width\" content=\"768\" \/>\n\t<meta property=\"og:image:height\" content=\"392\" \/>\n\t<meta property=\"og:image:type\" content=\"image\/png\" \/>\n<meta name=\"twitter:card\" content=\"summary_large_image\" \/>\n<meta name=\"twitter:label1\" content=\"Tempo di lettura stimato\" \/>\n\t<meta name=\"twitter:data1\" content=\"2 minuti\" \/>\n<script type=\"application\/ld+json\" class=\"yoast-schema-graph\">{\"@context\":\"https:\/\/schema.org\",\"@graph\":[{\"@type\":\"WebPage\",\"@id\":\"https:\/\/gmtravelsolution.com\/it\/products\/fast-track-royal-borg-el-arab\/\",\"url\":\"https:\/\/gmtravelsolution.com\/it\/products\/fast-track-royal-borg-el-arab\/\",\"name\":\"Corsia Preferenziale Royal Borg El Arab - Global Marketing\",\"isPartOf\":{\"@id\":\"https:\/\/gmtravelsolution.com\/#website\"},\"datePublished\":\"2024-09-22T12:36:28+00:00\",\"dateModified\":\"2025-12-31T17:54:14+00:00\",\"breadcrumb\":{\"@id\":\"https:\/\/gmtravelsolution.com\/it\/products\/fast-track-royal-borg-el-arab\/#breadcrumb\"},\"inLanguage\":\"it-IT\",\"potentialAction\":[{\"@type\":\"ReadAction\",\"target\":[\"https:\/\/gmtravelsolution.com\/it\/products\/fast-track-royal-borg-el-arab\/\"]}]},{\"@type\":\"BreadcrumbList\",\"@id\":\"https:\/\/gmtravelsolution.com\/it\/products\/fast-track-royal-borg-el-arab\/#breadcrumb\",\"itemListElement\":[{\"@type\":\"ListItem\",\"position\":1,\"name\":\"Home\",\"item\":\"https:\/\/gmtravelsolution.com\/\"},{\"@type\":\"ListItem\",\"position\":2,\"name\":\"Prenotazione\",\"item\":\"https:\/\/gmtravelsolution.com\/it\/shop\/\"},{\"@type\":\"ListItem\",\"position\":3,\"name\":\"Corsia Preferenziale Royal Borg El Arab\"}]},{\"@type\":\"WebSite\",\"@id\":\"https:\/\/gmtravelsolution.com\/#website\",\"url\":\"https:\/\/gmtravelsolution.com\/\",\"name\":\"Global Marketing\",\"description\":\"Travel Solution\",\"potentialAction\":[{\"@type\":\"SearchAction\",\"target\":{\"@type\":\"EntryPoint\",\"urlTemplate\":\"https:\/\/gmtravelsolution.com\/?s={search_term_string}\"},\"query-input\":\"required name=search_term_string\"}],\"inLanguage\":\"it-IT\"}]}<\/script>\n<!-- \/ Yoast SEO Premium plugin. -->","yoast_head_json":{"title":"Corsia Preferenziale Royal Borg El Arab - Global Marketing","robots":{"index":"index","follow":"follow","max-snippet":"max-snippet:-1","max-image-preview":"max-image-preview:large","max-video-preview":"max-video-preview:-1"},"canonical":"https:\/\/gmtravelsolution.com\/it\/products\/fast-track-royal-borg-el-arab\/","og_locale":"it_IT","og_type":"article","og_title":"Corsia Preferenziale Royal Borg El Arab","og_description":"Prezzo di servizio in base alla dimensione del gruppo: 1) gruppo da 1 a 5 passeggeri:\u00a0 700$ primo passeggero +","og_url":"https:\/\/gmtravelsolution.com\/it\/products\/fast-track-royal-borg-el-arab\/","og_site_name":"Global Marketing","article_modified_time":"2025-12-31T17:54:14+00:00","og_image":[{"width":768,"height":392,"url":"https:\/\/gmtravelsolution.com\/wp-content\/uploads\/2024\/09\/borg-el-arab-egypt-airports-services-1.png","type":"image\/png"}],"twitter_card":"summary_large_image","twitter_misc":{"Tempo di lettura stimato":"2 minuti"},"schema":{"@context":"https:\/\/schema.org","@graph":[{"@type":"WebPage","@id":"https:\/\/gmtravelsolution.com\/it\/products\/fast-track-royal-borg-el-arab\/","url":"https:\/\/gmtravelsolution.com\/it\/products\/fast-track-royal-borg-el-arab\/","name":"Corsia Preferenziale Royal Borg El Arab - Global Marketing","isPartOf":{"@id":"https:\/\/gmtravelsolution.com\/#website"},"datePublished":"2024-09-22T12:36:28+00:00","dateModified":"2025-12-31T17:54:14+00:00","breadcrumb":{"@id":"https:\/\/gmtravelsolution.com\/it\/products\/fast-track-royal-borg-el-arab\/#breadcrumb"},"inLanguage":"it-IT","potentialAction":[{"@type":"ReadAction","target":["https:\/\/gmtravelsolution.com\/it\/products\/fast-track-royal-borg-el-arab\/"]}]},{"@type":"BreadcrumbList","@id":"https:\/\/gmtravelsolution.com\/it\/products\/fast-track-royal-borg-el-arab\/#breadcrumb","itemListElement":[{"@type":"ListItem","position":1,"name":"Home","item":"https:\/\/gmtravelsolution.com\/"},{"@type":"ListItem","position":2,"name":"Prenotazione","item":"https:\/\/gmtravelsolution.com\/it\/shop\/"},{"@type":"ListItem","position":3,"name":"Corsia Preferenziale Royal Borg El Arab"}]},{"@type":"WebSite","@id":"https:\/\/gmtravelsolution.com\/#website","url":"https:\/\/gmtravelsolution.com\/","name":"Global Marketing","description":"Travel Solution","potentialAction":[{"@type":"SearchAction","target":{"@type":"EntryPoint","urlTemplate":"https:\/\/gmtravelsolution.com\/?s={search_term_string}"},"query-input":"required name=search_term_string"}],"inLanguage":"it-IT"}]}},"_links":{"self":[{"href":"https:\/\/gmtravelsolution.com\/it\/wp-json\/wp\/v2\/product\/48776","targetHints":{"allow":["GET"]}}],"collection":[{"href":"https:\/\/gmtravelsolution.com\/it\/wp-json\/wp\/v2\/product"}],"about":[{"href":"https:\/\/gmtravelsolution.com\/it\/wp-json\/wp\/v2\/types\/product"}],"replies":[{"embeddable":true,"href":"https:\/\/gmtravelsolution.com\/it\/wp-json\/wp\/v2\/comments?post=48776"}],"version-history":[{"count":6,"href":"https:\/\/gmtravelsolution.com\/it\/wp-json\/wp\/v2\/product\/48776\/revisions"}],"predecessor-version":[{"id":61044,"href":"https:\/\/gmtravelsolution.com\/it\/wp-json\/wp\/v2\/product\/48776\/revisions\/61044"}],"wp:featuredmedia":[{"embeddable":true,"href":"https:\/\/gmtravelsolution.com\/it\/wp-json\/wp\/v2\/media\/48748"}],"wp:attachment":[{"href":"https:\/\/gmtravelsolution.com\/it\/wp-json\/wp\/v2\/media?parent=48776"}],"wp:term":[{"taxonomy":"product_cat","embeddable":true,"href":"https:\/\/gmtravelsolution.com\/it\/wp-json\/wp\/v2\/product_cat?post=48776"},{"taxonomy":"product_tag","embeddable":true,"href":"https:\/\/gmtravelsolution.com\/it\/wp-json\/wp\/v2\/product_tag?post=48776"}],"curies":[{"name":"wp","href":"https:\/\/api.w.org\/{rel}","templated":true}]}}