{"id":46725,"date":"2024-07-06T20:05:20","date_gmt":"2024-07-06T18:05:23","guid":{"rendered":"https:\/\/gmtravelsolution.com\/?post_type=product&#038;p=46725"},"modified":"2026-01-01T10:57:16","modified_gmt":"2026-01-01T08:57:16","slug":"corsia-preferenziale-gold-el-alamein","status":"publish","type":"product","link":"https:\/\/gmtravelsolution.com\/it\/products\/corsia-preferenziale-gold-el-alamein\/","title":{"rendered":"Corsia Preferenziale Gold El Alamein"},"content":{"rendered":"<p>Costo per il primo adulto \u00e8 <span style=\"color: #339966;\"><strong>200$<\/strong><\/span> (Costo per ogni adulto e bambino in pi\u00f9: <span style=\"color: #ff9900;\"><strong>75$; <\/strong><\/span>costo per ogni infante:<span style=\"color: #ff9900;\"><strong>40$<\/strong><\/span>)<\/p>\n<p>Adulti: 12+ anni \/\/\/ Bambini: 2 \u2013 11.99 anni \/\/\/ Infante: 0 &#8211; 1.99 anni<\/p>\n<p>Rendi il tuo viaggio pi\u00f9 privato e lussuoso e viaggia da\/per la porta del tuo aereo con un autobus privato. Dopo aver espletato molto rapidamente tutte le formalit\u00e0 per la classe business o economica, il nostro agente ti accompagner\u00e0 nella sala VIP per rilassarti prima del volo alla partenza o mentre il portiere ritira i bagagli al tuo arrivo.<\/p>\n<p>Partenza: verrai accolto da uno dei nostri cortesi agenti e assistente portiere con in mano un cartello di benvenuto con il tuo nome all&#8217;ingresso del terminal delle partenze. Il nostro agente completer\u00e0 tutte le procedure di partenza saltando le file e ti accompagner\u00e0 alla lounge. Quando verr\u00e0 annunciato l&#8217;imbarco, verrai accompagnato all&#8217;aereo da un autobus privato.<\/p>\n<p>Arrivo: verrai accolto dal nostro agente alla porta dell&#8217;aereo e poi accompagnato con un autobus privato alla sala arrivi. L&#8217;agente completer\u00e0 la tua carta di immigrazione e ti guider\u00e0 attraverso il controllo passaporti saltando le file, dopodich\u00e9 sarai accompagnato nella lounge mentre il portiere si prender\u00e0 cura dei tuoi bagagli. Una volta ritirati i bagagli, sarai assistito al controllo doganale e accompagnato al tuo trasferimento.<\/p>\n<p>&nbsp;<\/p>\n","protected":false},"excerpt":{"rendered":"<p>Costo per il primo adulto \u00e8 200$ (Costo per ogni adulto e bambino in pi\u00f9: 75$; costo per ogni infante:40$)<\/p>\n","protected":false},"featured_media":43045,"comment_status":"open","ping_status":"closed","template":"","meta":{"_mi_skip_tracking":false},"product_cat":[1210,689,747],"product_tag":[690,1544,698],"class_list":["post-46725","product","type-product","status-publish","has-post-thumbnail","hentry","product_cat-egitto","product_cat-meet-assist-it","product_cat-gold-it","product_tag-airport-it","product_tag-el-alamein-it","product_tag-meet-assist-plus-it"],"yoast_head":"<!-- This site is optimized with the Yoast SEO Premium plugin v21.5 (Yoast SEO v21.5) - https:\/\/yoast.com\/wordpress\/plugins\/seo\/ -->\n<title>Corsia Preferenziale Gold El Alamein - Global Marketing<\/title>\n<meta name=\"robots\" content=\"index, follow, max-snippet:-1, max-image-preview:large, max-video-preview:-1\" \/>\n<link rel=\"canonical\" href=\"https:\/\/gmtravelsolution.com\/it\/products\/corsia-preferenziale-gold-el-alamein\/\" \/>\n<meta property=\"og:locale\" content=\"it_IT\" \/>\n<meta property=\"og:type\" content=\"article\" \/>\n<meta property=\"og:title\" content=\"Corsia Preferenziale Gold El Alamein\" \/>\n<meta property=\"og:description\" content=\"Costo per il primo adulto \u00e8 200$ (Costo per ogni adulto e bambino in pi\u00f9: 75$; costo per ogni infante:40$)\" \/>\n<meta property=\"og:url\" content=\"https:\/\/gmtravelsolution.com\/it\/products\/corsia-preferenziale-gold-el-alamein\/\" \/>\n<meta property=\"og:site_name\" content=\"Global Marketing\" \/>\n<meta property=\"article:modified_time\" content=\"2026-01-01T08:57:16+00:00\" \/>\n<meta property=\"og:image\" content=\"https:\/\/gmtravelsolution.com\/wp-content\/uploads\/2021\/01\/Meet-and-assist-diamond-4.jpg\" \/>\n\t<meta property=\"og:image:width\" content=\"768\" \/>\n\t<meta property=\"og:image:height\" content=\"392\" \/>\n\t<meta property=\"og:image:type\" content=\"image\/jpeg\" \/>\n<meta name=\"twitter:card\" content=\"summary_large_image\" \/>\n<meta name=\"twitter:label1\" content=\"Tempo di lettura stimato\" \/>\n\t<meta name=\"twitter:data1\" content=\"1 minuto\" \/>\n<script type=\"application\/ld+json\" class=\"yoast-schema-graph\">{\"@context\":\"https:\/\/schema.org\",\"@graph\":[{\"@type\":\"WebPage\",\"@id\":\"https:\/\/gmtravelsolution.com\/it\/products\/corsia-preferenziale-gold-el-alamein\/\",\"url\":\"https:\/\/gmtravelsolution.com\/it\/products\/corsia-preferenziale-gold-el-alamein\/\",\"name\":\"Corsia Preferenziale Gold El Alamein - Global Marketing\",\"isPartOf\":{\"@id\":\"https:\/\/gmtravelsolution.com\/#website\"},\"datePublished\":\"2024-07-06T18:05:23+00:00\",\"dateModified\":\"2026-01-01T08:57:16+00:00\",\"breadcrumb\":{\"@id\":\"https:\/\/gmtravelsolution.com\/it\/products\/corsia-preferenziale-gold-el-alamein\/#breadcrumb\"},\"inLanguage\":\"it-IT\",\"potentialAction\":[{\"@type\":\"ReadAction\",\"target\":[\"https:\/\/gmtravelsolution.com\/it\/products\/corsia-preferenziale-gold-el-alamein\/\"]}]},{\"@type\":\"BreadcrumbList\",\"@id\":\"https:\/\/gmtravelsolution.com\/it\/products\/corsia-preferenziale-gold-el-alamein\/#breadcrumb\",\"itemListElement\":[{\"@type\":\"ListItem\",\"position\":1,\"name\":\"Home\",\"item\":\"https:\/\/gmtravelsolution.com\/\"},{\"@type\":\"ListItem\",\"position\":2,\"name\":\"Prenotazione\",\"item\":\"https:\/\/gmtravelsolution.com\/it\/shop\/\"},{\"@type\":\"ListItem\",\"position\":3,\"name\":\"Corsia Preferenziale Gold El Alamein\"}]},{\"@type\":\"WebSite\",\"@id\":\"https:\/\/gmtravelsolution.com\/#website\",\"url\":\"https:\/\/gmtravelsolution.com\/\",\"name\":\"Global Marketing\",\"description\":\"Travel Solution\",\"potentialAction\":[{\"@type\":\"SearchAction\",\"target\":{\"@type\":\"EntryPoint\",\"urlTemplate\":\"https:\/\/gmtravelsolution.com\/?s={search_term_string}\"},\"query-input\":\"required name=search_term_string\"}],\"inLanguage\":\"it-IT\"}]}<\/script>\n<!-- \/ Yoast SEO Premium plugin. -->","yoast_head_json":{"title":"Corsia Preferenziale Gold El Alamein - Global Marketing","robots":{"index":"index","follow":"follow","max-snippet":"max-snippet:-1","max-image-preview":"max-image-preview:large","max-video-preview":"max-video-preview:-1"},"canonical":"https:\/\/gmtravelsolution.com\/it\/products\/corsia-preferenziale-gold-el-alamein\/","og_locale":"it_IT","og_type":"article","og_title":"Corsia Preferenziale Gold El Alamein","og_description":"Costo per il primo adulto \u00e8 200$ (Costo per ogni adulto e bambino in pi\u00f9: 75$; costo per ogni infante:40$)","og_url":"https:\/\/gmtravelsolution.com\/it\/products\/corsia-preferenziale-gold-el-alamein\/","og_site_name":"Global Marketing","article_modified_time":"2026-01-01T08:57:16+00:00","og_image":[{"width":768,"height":392,"url":"https:\/\/gmtravelsolution.com\/wp-content\/uploads\/2021\/01\/Meet-and-assist-diamond-4.jpg","type":"image\/jpeg"}],"twitter_card":"summary_large_image","twitter_misc":{"Tempo di lettura stimato":"1 minuto"},"schema":{"@context":"https:\/\/schema.org","@graph":[{"@type":"WebPage","@id":"https:\/\/gmtravelsolution.com\/it\/products\/corsia-preferenziale-gold-el-alamein\/","url":"https:\/\/gmtravelsolution.com\/it\/products\/corsia-preferenziale-gold-el-alamein\/","name":"Corsia Preferenziale Gold El Alamein - Global Marketing","isPartOf":{"@id":"https:\/\/gmtravelsolution.com\/#website"},"datePublished":"2024-07-06T18:05:23+00:00","dateModified":"2026-01-01T08:57:16+00:00","breadcrumb":{"@id":"https:\/\/gmtravelsolution.com\/it\/products\/corsia-preferenziale-gold-el-alamein\/#breadcrumb"},"inLanguage":"it-IT","potentialAction":[{"@type":"ReadAction","target":["https:\/\/gmtravelsolution.com\/it\/products\/corsia-preferenziale-gold-el-alamein\/"]}]},{"@type":"BreadcrumbList","@id":"https:\/\/gmtravelsolution.com\/it\/products\/corsia-preferenziale-gold-el-alamein\/#breadcrumb","itemListElement":[{"@type":"ListItem","position":1,"name":"Home","item":"https:\/\/gmtravelsolution.com\/"},{"@type":"ListItem","position":2,"name":"Prenotazione","item":"https:\/\/gmtravelsolution.com\/it\/shop\/"},{"@type":"ListItem","position":3,"name":"Corsia Preferenziale Gold El Alamein"}]},{"@type":"WebSite","@id":"https:\/\/gmtravelsolution.com\/#website","url":"https:\/\/gmtravelsolution.com\/","name":"Global Marketing","description":"Travel Solution","potentialAction":[{"@type":"SearchAction","target":{"@type":"EntryPoint","urlTemplate":"https:\/\/gmtravelsolution.com\/?s={search_term_string}"},"query-input":"required name=search_term_string"}],"inLanguage":"it-IT"}]}},"_links":{"self":[{"href":"https:\/\/gmtravelsolution.com\/it\/wp-json\/wp\/v2\/product\/46725","targetHints":{"allow":["GET"]}}],"collection":[{"href":"https:\/\/gmtravelsolution.com\/it\/wp-json\/wp\/v2\/product"}],"about":[{"href":"https:\/\/gmtravelsolution.com\/it\/wp-json\/wp\/v2\/types\/product"}],"replies":[{"embeddable":true,"href":"https:\/\/gmtravelsolution.com\/it\/wp-json\/wp\/v2\/comments?post=46725"}],"version-history":[{"count":7,"href":"https:\/\/gmtravelsolution.com\/it\/wp-json\/wp\/v2\/product\/46725\/revisions"}],"predecessor-version":[{"id":61149,"href":"https:\/\/gmtravelsolution.com\/it\/wp-json\/wp\/v2\/product\/46725\/revisions\/61149"}],"wp:featuredmedia":[{"embeddable":true,"href":"https:\/\/gmtravelsolution.com\/it\/wp-json\/wp\/v2\/media\/43045"}],"wp:attachment":[{"href":"https:\/\/gmtravelsolution.com\/it\/wp-json\/wp\/v2\/media?parent=46725"}],"wp:term":[{"taxonomy":"product_cat","embeddable":true,"href":"https:\/\/gmtravelsolution.com\/it\/wp-json\/wp\/v2\/product_cat?post=46725"},{"taxonomy":"product_tag","embeddable":true,"href":"https:\/\/gmtravelsolution.com\/it\/wp-json\/wp\/v2\/product_tag?post=46725"}],"curies":[{"name":"wp","href":"https:\/\/api.w.org\/{rel}","templated":true}]}}