{"id":57433,"date":"2025-08-12T16:47:25","date_gmt":"2025-08-12T14:47:25","guid":{"rendered":"https:\/\/gmtravelsolution.com\/products\/allways-fast-track-cairo-airport\/"},"modified":"2025-12-21T16:30:43","modified_gmt":"2025-12-21T14:30:43","slug":"allways-fast-track-cairo-airport","status":"publish","type":"product","link":"https:\/\/gmtravelsolution.com\/de\/products\/allways-fast-track-cairo-airport\/","title":{"rendered":"ALLWAYS FAST TRACK Flughafen Kairo"},"content":{"rendered":"<p><strong>Ankunft<\/strong><\/p>\n<p>Wir freuen uns, Ihnen eine neue M\u00f6glichkeit anzubieten, Ihre Ankunft am gesch\u00e4ftigen Flughafen Kairo zu beschleunigen.<br \/>\nDer Service ist nur f\u00fcr internationale Ank\u00fcnfte verf\u00fcgbar.<br \/>\nHinweis: Kein Empfang mit Schild, keine Gep\u00e4cktr\u00e4gerhilfe.<\/p>\n<p>Folgen Sie einfach diesen Schritten:<\/p>\n<ol>\n<li>Gehen Sie zum speziellen Allways-Passkontrollschalter.<\/li>\n<li>Zeigen Sie den QR-Code vor, den Sie nach der Reservierung erhalten, dem Allways-Personal zur Verifizierung.<\/li>\n<li>Erledigen Sie die Passkontrolle, ohne in der Schlange zu stehen.<\/li>\n<\/ol>\n<p><strong>Abflug<\/strong><\/p>\n<p>Machen Sie Ihre Abreise vom Flughafen Kairo so einfach und schnell wie m\u00f6glich \u2013 zu minimalen Kosten.<br \/>\nDer Service ist nur f\u00fcr internationale Abfl\u00fcge verf\u00fcgbar.<br \/>\nHinweis: Kein Empfang mit Schild, keine Gep\u00e4cktr\u00e4gerhilfe.<\/p>\n<p>Folgen Sie einfach den untenstehenden Schritten:<\/p>\n<ol>\n<li>Gehen Sie zum speziellen Allways-Terminaleingang.<br \/>\nHinweis: <span style=\"color: #99cc00;\"><strong>Nutzen Sie Eingang Nr. 5 im Terminal 2 und Eingang Nr. 4 im Terminal 1<\/strong><\/span>.<\/li>\n<li>Zeigen Sie den QR-Code vor, den Sie nach der Reservierung erhalten, dem Allways-Personal zur Verifizierung.<\/li>\n<li>Passieren Sie die spezielle Sicherheitskontrolle von Allways.<\/li>\n<li>Gehen Sie zur speziellen Allways-Passkontrolle und erledigen Sie Ihre Ausreiseformalit\u00e4ten abseits der Menschenmengen.<\/li>\n<\/ol>\n<p data-renderer-start-pos=\"136\"><strong>Achtung! Benutzen Sie Eingang Nr. 2 im Terminal 3, Eingang Nr. 5 im Terminal 2 und Eingang Nr. 4 im Terminal 1.<\/strong><\/p>\n<p><strong>Preis: 15 USD<\/strong><\/p>\n","protected":false},"excerpt":{"rendered":"<p style=\"text-align: center;\"><span style=\"color: #ffb347;\"><strong>Dieser Service beinhaltet kein Meet &amp; Greet mit Schild, keinen Gep\u00e4cktr\u00e4gerdienst und keine pers\u00f6nliche Agentenbetreuung. Die Dienstleistung ist nicht erstattungsf\u00e4hig.<\/strong><\/span><\/p>\n","protected":false},"featured_media":57393,"comment_status":"open","ping_status":"closed","template":"","meta":{"_mi_skip_tracking":false},"product_cat":[1657,1652],"product_tag":[],"class_list":["post-57433","product","type-product","status-publish","has-post-thumbnail","hentry","product_cat-allways-de","product_cat-cairo-fast-track-de"],"yoast_head":"<!-- This site is optimized with the Yoast SEO Premium plugin v21.5 (Yoast SEO v21.5) - https:\/\/yoast.com\/wordpress\/plugins\/seo\/ -->\n<title>ALLWAYS FAST TRACK Flughafen Kairo - Global Marketing<\/title>\n<meta name=\"robots\" content=\"index, follow, max-snippet:-1, max-image-preview:large, max-video-preview:-1\" \/>\n<link rel=\"canonical\" href=\"https:\/\/gmtravelsolution.com\/de\/products\/allways-fast-track-cairo-airport\/\" \/>\n<meta property=\"og:locale\" content=\"de_DE\" \/>\n<meta property=\"og:type\" content=\"article\" \/>\n<meta property=\"og:title\" content=\"ALLWAYS FAST TRACK Flughafen Kairo\" \/>\n<meta property=\"og:description\" content=\"Dieser Service beinhaltet kein Meet &amp; Greet mit Schild, keinen Gep\u00e4cktr\u00e4gerdienst und keine pers\u00f6nliche Agentenbetreuung. Die Dienstleistung ist nicht erstattungsf\u00e4hig.\" \/>\n<meta property=\"og:url\" content=\"https:\/\/gmtravelsolution.com\/de\/products\/allways-fast-track-cairo-airport\/\" \/>\n<meta property=\"og:site_name\" content=\"Global Marketing\" \/>\n<meta property=\"article:modified_time\" content=\"2025-12-21T14:30:43+00:00\" \/>\n<meta property=\"og:image\" content=\"https:\/\/gmtravelsolution.com\/wp-content\/uploads\/2025\/08\/ALLWAYS-FAST-TRACK-Cairo-Airport-terminal1-2.png\" \/>\n\t<meta property=\"og:image:width\" content=\"768\" \/>\n\t<meta property=\"og:image:height\" content=\"392\" \/>\n\t<meta property=\"og:image:type\" content=\"image\/png\" \/>\n<meta name=\"twitter:card\" content=\"summary_large_image\" \/>\n<meta name=\"twitter:label1\" content=\"Gesch\u00e4tzte Lesezeit\" \/>\n\t<meta name=\"twitter:data1\" content=\"1 Minute\" \/>\n<script type=\"application\/ld+json\" class=\"yoast-schema-graph\">{\"@context\":\"https:\/\/schema.org\",\"@graph\":[{\"@type\":\"WebPage\",\"@id\":\"https:\/\/gmtravelsolution.com\/de\/products\/allways-fast-track-cairo-airport\/\",\"url\":\"https:\/\/gmtravelsolution.com\/de\/products\/allways-fast-track-cairo-airport\/\",\"name\":\"ALLWAYS FAST TRACK Flughafen Kairo - Global Marketing\",\"isPartOf\":{\"@id\":\"https:\/\/gmtravelsolution.com\/#website\"},\"datePublished\":\"2025-08-12T14:47:25+00:00\",\"dateModified\":\"2025-12-21T14:30:43+00:00\",\"breadcrumb\":{\"@id\":\"https:\/\/gmtravelsolution.com\/de\/products\/allways-fast-track-cairo-airport\/#breadcrumb\"},\"inLanguage\":\"de-DE\",\"potentialAction\":[{\"@type\":\"ReadAction\",\"target\":[\"https:\/\/gmtravelsolution.com\/de\/products\/allways-fast-track-cairo-airport\/\"]}]},{\"@type\":\"BreadcrumbList\",\"@id\":\"https:\/\/gmtravelsolution.com\/de\/products\/allways-fast-track-cairo-airport\/#breadcrumb\",\"itemListElement\":[{\"@type\":\"ListItem\",\"position\":1,\"name\":\"Home\",\"item\":\"https:\/\/gmtravelsolution.com\/\"},{\"@type\":\"ListItem\",\"position\":2,\"name\":\"Buchung\",\"item\":\"https:\/\/gmtravelsolution.com\/de\/shop\/\"},{\"@type\":\"ListItem\",\"position\":3,\"name\":\"ALLWAYS FAST TRACK Flughafen Kairo\"}]},{\"@type\":\"WebSite\",\"@id\":\"https:\/\/gmtravelsolution.com\/#website\",\"url\":\"https:\/\/gmtravelsolution.com\/\",\"name\":\"Global Marketing\",\"description\":\"Travel Solution\",\"potentialAction\":[{\"@type\":\"SearchAction\",\"target\":{\"@type\":\"EntryPoint\",\"urlTemplate\":\"https:\/\/gmtravelsolution.com\/?s={search_term_string}\"},\"query-input\":\"required name=search_term_string\"}],\"inLanguage\":\"de-DE\"}]}<\/script>\n<!-- \/ Yoast SEO Premium plugin. -->","yoast_head_json":{"title":"ALLWAYS FAST TRACK Flughafen Kairo - Global Marketing","robots":{"index":"index","follow":"follow","max-snippet":"max-snippet:-1","max-image-preview":"max-image-preview:large","max-video-preview":"max-video-preview:-1"},"canonical":"https:\/\/gmtravelsolution.com\/de\/products\/allways-fast-track-cairo-airport\/","og_locale":"de_DE","og_type":"article","og_title":"ALLWAYS FAST TRACK Flughafen Kairo","og_description":"Dieser Service beinhaltet kein Meet &amp; Greet mit Schild, keinen Gep\u00e4cktr\u00e4gerdienst und keine pers\u00f6nliche Agentenbetreuung. Die Dienstleistung ist nicht erstattungsf\u00e4hig.","og_url":"https:\/\/gmtravelsolution.com\/de\/products\/allways-fast-track-cairo-airport\/","og_site_name":"Global Marketing","article_modified_time":"2025-12-21T14:30:43+00:00","og_image":[{"width":768,"height":392,"url":"https:\/\/gmtravelsolution.com\/wp-content\/uploads\/2025\/08\/ALLWAYS-FAST-TRACK-Cairo-Airport-terminal1-2.png","type":"image\/png"}],"twitter_card":"summary_large_image","twitter_misc":{"Gesch\u00e4tzte Lesezeit":"1 Minute"},"schema":{"@context":"https:\/\/schema.org","@graph":[{"@type":"WebPage","@id":"https:\/\/gmtravelsolution.com\/de\/products\/allways-fast-track-cairo-airport\/","url":"https:\/\/gmtravelsolution.com\/de\/products\/allways-fast-track-cairo-airport\/","name":"ALLWAYS FAST TRACK Flughafen Kairo - Global Marketing","isPartOf":{"@id":"https:\/\/gmtravelsolution.com\/#website"},"datePublished":"2025-08-12T14:47:25+00:00","dateModified":"2025-12-21T14:30:43+00:00","breadcrumb":{"@id":"https:\/\/gmtravelsolution.com\/de\/products\/allways-fast-track-cairo-airport\/#breadcrumb"},"inLanguage":"de-DE","potentialAction":[{"@type":"ReadAction","target":["https:\/\/gmtravelsolution.com\/de\/products\/allways-fast-track-cairo-airport\/"]}]},{"@type":"BreadcrumbList","@id":"https:\/\/gmtravelsolution.com\/de\/products\/allways-fast-track-cairo-airport\/#breadcrumb","itemListElement":[{"@type":"ListItem","position":1,"name":"Home","item":"https:\/\/gmtravelsolution.com\/"},{"@type":"ListItem","position":2,"name":"Buchung","item":"https:\/\/gmtravelsolution.com\/de\/shop\/"},{"@type":"ListItem","position":3,"name":"ALLWAYS FAST TRACK Flughafen Kairo"}]},{"@type":"WebSite","@id":"https:\/\/gmtravelsolution.com\/#website","url":"https:\/\/gmtravelsolution.com\/","name":"Global Marketing","description":"Travel Solution","potentialAction":[{"@type":"SearchAction","target":{"@type":"EntryPoint","urlTemplate":"https:\/\/gmtravelsolution.com\/?s={search_term_string}"},"query-input":"required name=search_term_string"}],"inLanguage":"de-DE"}]}},"_links":{"self":[{"href":"https:\/\/gmtravelsolution.com\/de\/wp-json\/wp\/v2\/product\/57433","targetHints":{"allow":["GET"]}}],"collection":[{"href":"https:\/\/gmtravelsolution.com\/de\/wp-json\/wp\/v2\/product"}],"about":[{"href":"https:\/\/gmtravelsolution.com\/de\/wp-json\/wp\/v2\/types\/product"}],"replies":[{"embeddable":true,"href":"https:\/\/gmtravelsolution.com\/de\/wp-json\/wp\/v2\/comments?post=57433"}],"version-history":[{"count":13,"href":"https:\/\/gmtravelsolution.com\/de\/wp-json\/wp\/v2\/product\/57433\/revisions"}],"predecessor-version":[{"id":60449,"href":"https:\/\/gmtravelsolution.com\/de\/wp-json\/wp\/v2\/product\/57433\/revisions\/60449"}],"wp:featuredmedia":[{"embeddable":true,"href":"https:\/\/gmtravelsolution.com\/de\/wp-json\/wp\/v2\/media\/57393"}],"wp:attachment":[{"href":"https:\/\/gmtravelsolution.com\/de\/wp-json\/wp\/v2\/media?parent=57433"}],"wp:term":[{"taxonomy":"product_cat","embeddable":true,"href":"https:\/\/gmtravelsolution.com\/de\/wp-json\/wp\/v2\/product_cat?post=57433"},{"taxonomy":"product_tag","embeddable":true,"href":"https:\/\/gmtravelsolution.com\/de\/wp-json\/wp\/v2\/product_tag?post=57433"}],"curies":[{"name":"wp","href":"https:\/\/api.w.org\/{rel}","templated":true}]}}