{"id":40976,"date":"2024-02-22T03:17:23","date_gmt":"2024-02-22T01:17:26","guid":{"rendered":"https:\/\/gmtravelsolution.com\/?post_type=product&#038;p=40976"},"modified":"2025-11-12T04:47:02","modified_gmt":"2025-11-12T02:47:02","slug":"cac-lounge-cairo-t1-and-t3-seasonal","status":"publish","type":"product","link":"https:\/\/gmtravelsolution.com\/de\/products\/cac-lounge-cairo-t1-and-t3-seasonal\/","title":{"rendered":"CAC-Lounge Kairo"},"content":{"rendered":"<p>Kosten f\u00fcr Erwachsene: <strong><span style=\"color: #339966;\">43$<\/span><\/strong> (Zus\u00e4tzliche Erwachsene kosten ebenfalls <strong><span style=\"color: #ff9900;\">43$<\/span><\/strong> jeder).<\/p>\n<p>Kinder bis zu einem Alter von 5,99 Jahren sind kostenfrei.<\/p>\n<p>Gerne arrangieren wir f\u00fcr Sie einen VIP-Lounge-Zugang, in dem Sie sich vor Ihrem Flug entspannen, k\u00f6stliche Erfrischungen genie\u00dfen und \u00fcber kostenloses WLAN Ihre E-Mails abrufen k\u00f6nnen.<br \/>\nStandort: Nach der Sicherheitskontrolle folgen Sie bitte den Wegweisern zur CAC Lounge\/1st Class Lounge.<\/p>\n","protected":false},"excerpt":{"rendered":"<p><strong>Auf dieser Seite k\u00f6nnen Sie den Lounge-Zugang zu Terminal 1 und Terminal 3S des internationalen Flughafens Kairo buchen. Wenn Sie die Lounge in Terminal 2 oder 3 buchen m\u00f6chten, nutzen Sie bitte den folgenden Service.<\/strong><\/p>\n[maxbutton id=\"1\" url=\"\/de\/products\/ahlein-lounge-terminal-2-cairo-airport\/\" text=\"Terminal 2 &amp; 3\" ]\n","protected":false},"featured_media":40932,"comment_status":"open","ping_status":"closed","template":"","meta":{"_mi_skip_tracking":false},"product_cat":[1248],"product_tag":[507,541,548],"class_list":["post-40976","product","type-product","status-publish","has-post-thumbnail","hentry","product_cat-lounge-cairo-vip-de","product_tag-flughafen","product_tag-kairo","product_tag-lounges-entspannt"],"yoast_head":"<!-- This site is optimized with the Yoast SEO Premium plugin v21.5 (Yoast SEO v21.5) - https:\/\/yoast.com\/wordpress\/plugins\/seo\/ -->\n<title>CAC-Lounge Kairo - Global Marketing<\/title>\n<meta name=\"robots\" content=\"index, follow, max-snippet:-1, max-image-preview:large, max-video-preview:-1\" \/>\n<link rel=\"canonical\" href=\"https:\/\/gmtravelsolution.com\/de\/products\/cac-lounge-cairo-t1-and-t3-seasonal\/\" \/>\n<meta property=\"og:locale\" content=\"de_DE\" \/>\n<meta property=\"og:type\" content=\"article\" \/>\n<meta property=\"og:title\" content=\"CAC-Lounge Kairo\" \/>\n<meta property=\"og:description\" content=\"Auf dieser Seite k\u00f6nnen Sie den Lounge-Zugang zu Terminal 1 und Terminal 3S des internationalen Flughafens Kairo buchen. Wenn Sie die Lounge in Terminal 2 oder 3 buchen m\u00f6chten, nutzen Sie bitte den folgenden Service.\" \/>\n<meta property=\"og:url\" content=\"https:\/\/gmtravelsolution.com\/de\/products\/cac-lounge-cairo-t1-and-t3-seasonal\/\" \/>\n<meta property=\"og:site_name\" content=\"Global Marketing\" \/>\n<meta property=\"article:modified_time\" content=\"2025-11-12T02:47:02+00:00\" \/>\n<meta property=\"og:image\" content=\"https:\/\/gmtravelsolution.com\/wp-content\/uploads\/2021\/01\/cairo-vip-lounge-cairo-6.png\" \/>\n\t<meta property=\"og:image:width\" content=\"768\" \/>\n\t<meta property=\"og:image:height\" content=\"392\" \/>\n\t<meta property=\"og:image:type\" content=\"image\/png\" \/>\n<meta name=\"twitter:card\" content=\"summary_large_image\" \/>\n<meta name=\"twitter:label1\" content=\"Gesch\u00e4tzte Lesezeit\" \/>\n\t<meta name=\"twitter:data1\" content=\"1 Minute\" \/>\n<script type=\"application\/ld+json\" class=\"yoast-schema-graph\">{\"@context\":\"https:\/\/schema.org\",\"@graph\":[{\"@type\":\"WebPage\",\"@id\":\"https:\/\/gmtravelsolution.com\/de\/products\/cac-lounge-cairo-t1-and-t3-seasonal\/\",\"url\":\"https:\/\/gmtravelsolution.com\/de\/products\/cac-lounge-cairo-t1-and-t3-seasonal\/\",\"name\":\"CAC-Lounge Kairo - Global Marketing\",\"isPartOf\":{\"@id\":\"https:\/\/gmtravelsolution.com\/#website\"},\"datePublished\":\"2024-02-22T01:17:26+00:00\",\"dateModified\":\"2025-11-12T02:47:02+00:00\",\"breadcrumb\":{\"@id\":\"https:\/\/gmtravelsolution.com\/de\/products\/cac-lounge-cairo-t1-and-t3-seasonal\/#breadcrumb\"},\"inLanguage\":\"de-DE\",\"potentialAction\":[{\"@type\":\"ReadAction\",\"target\":[\"https:\/\/gmtravelsolution.com\/de\/products\/cac-lounge-cairo-t1-and-t3-seasonal\/\"]}]},{\"@type\":\"BreadcrumbList\",\"@id\":\"https:\/\/gmtravelsolution.com\/de\/products\/cac-lounge-cairo-t1-and-t3-seasonal\/#breadcrumb\",\"itemListElement\":[{\"@type\":\"ListItem\",\"position\":1,\"name\":\"Home\",\"item\":\"https:\/\/gmtravelsolution.com\/\"},{\"@type\":\"ListItem\",\"position\":2,\"name\":\"Buchung\",\"item\":\"https:\/\/gmtravelsolution.com\/de\/shop\/\"},{\"@type\":\"ListItem\",\"position\":3,\"name\":\"CAC-Lounge Kairo\"}]},{\"@type\":\"WebSite\",\"@id\":\"https:\/\/gmtravelsolution.com\/#website\",\"url\":\"https:\/\/gmtravelsolution.com\/\",\"name\":\"Global Marketing\",\"description\":\"Travel Solution\",\"potentialAction\":[{\"@type\":\"SearchAction\",\"target\":{\"@type\":\"EntryPoint\",\"urlTemplate\":\"https:\/\/gmtravelsolution.com\/?s={search_term_string}\"},\"query-input\":\"required name=search_term_string\"}],\"inLanguage\":\"de-DE\"}]}<\/script>\n<!-- \/ Yoast SEO Premium plugin. -->","yoast_head_json":{"title":"CAC-Lounge Kairo - Global Marketing","robots":{"index":"index","follow":"follow","max-snippet":"max-snippet:-1","max-image-preview":"max-image-preview:large","max-video-preview":"max-video-preview:-1"},"canonical":"https:\/\/gmtravelsolution.com\/de\/products\/cac-lounge-cairo-t1-and-t3-seasonal\/","og_locale":"de_DE","og_type":"article","og_title":"CAC-Lounge Kairo","og_description":"Auf dieser Seite k\u00f6nnen Sie den Lounge-Zugang zu Terminal 1 und Terminal 3S des internationalen Flughafens Kairo buchen. Wenn Sie die Lounge in Terminal 2 oder 3 buchen m\u00f6chten, nutzen Sie bitte den folgenden Service.","og_url":"https:\/\/gmtravelsolution.com\/de\/products\/cac-lounge-cairo-t1-and-t3-seasonal\/","og_site_name":"Global Marketing","article_modified_time":"2025-11-12T02:47:02+00:00","og_image":[{"width":768,"height":392,"url":"https:\/\/gmtravelsolution.com\/wp-content\/uploads\/2021\/01\/cairo-vip-lounge-cairo-6.png","type":"image\/png"}],"twitter_card":"summary_large_image","twitter_misc":{"Gesch\u00e4tzte Lesezeit":"1 Minute"},"schema":{"@context":"https:\/\/schema.org","@graph":[{"@type":"WebPage","@id":"https:\/\/gmtravelsolution.com\/de\/products\/cac-lounge-cairo-t1-and-t3-seasonal\/","url":"https:\/\/gmtravelsolution.com\/de\/products\/cac-lounge-cairo-t1-and-t3-seasonal\/","name":"CAC-Lounge Kairo - Global Marketing","isPartOf":{"@id":"https:\/\/gmtravelsolution.com\/#website"},"datePublished":"2024-02-22T01:17:26+00:00","dateModified":"2025-11-12T02:47:02+00:00","breadcrumb":{"@id":"https:\/\/gmtravelsolution.com\/de\/products\/cac-lounge-cairo-t1-and-t3-seasonal\/#breadcrumb"},"inLanguage":"de-DE","potentialAction":[{"@type":"ReadAction","target":["https:\/\/gmtravelsolution.com\/de\/products\/cac-lounge-cairo-t1-and-t3-seasonal\/"]}]},{"@type":"BreadcrumbList","@id":"https:\/\/gmtravelsolution.com\/de\/products\/cac-lounge-cairo-t1-and-t3-seasonal\/#breadcrumb","itemListElement":[{"@type":"ListItem","position":1,"name":"Home","item":"https:\/\/gmtravelsolution.com\/"},{"@type":"ListItem","position":2,"name":"Buchung","item":"https:\/\/gmtravelsolution.com\/de\/shop\/"},{"@type":"ListItem","position":3,"name":"CAC-Lounge Kairo"}]},{"@type":"WebSite","@id":"https:\/\/gmtravelsolution.com\/#website","url":"https:\/\/gmtravelsolution.com\/","name":"Global Marketing","description":"Travel Solution","potentialAction":[{"@type":"SearchAction","target":{"@type":"EntryPoint","urlTemplate":"https:\/\/gmtravelsolution.com\/?s={search_term_string}"},"query-input":"required name=search_term_string"}],"inLanguage":"de-DE"}]}},"_links":{"self":[{"href":"https:\/\/gmtravelsolution.com\/de\/wp-json\/wp\/v2\/product\/40976","targetHints":{"allow":["GET"]}}],"collection":[{"href":"https:\/\/gmtravelsolution.com\/de\/wp-json\/wp\/v2\/product"}],"about":[{"href":"https:\/\/gmtravelsolution.com\/de\/wp-json\/wp\/v2\/types\/product"}],"replies":[{"embeddable":true,"href":"https:\/\/gmtravelsolution.com\/de\/wp-json\/wp\/v2\/comments?post=40976"}],"version-history":[{"count":12,"href":"https:\/\/gmtravelsolution.com\/de\/wp-json\/wp\/v2\/product\/40976\/revisions"}],"predecessor-version":[{"id":59513,"href":"https:\/\/gmtravelsolution.com\/de\/wp-json\/wp\/v2\/product\/40976\/revisions\/59513"}],"wp:featuredmedia":[{"embeddable":true,"href":"https:\/\/gmtravelsolution.com\/de\/wp-json\/wp\/v2\/media\/40932"}],"wp:attachment":[{"href":"https:\/\/gmtravelsolution.com\/de\/wp-json\/wp\/v2\/media?parent=40976"}],"wp:term":[{"taxonomy":"product_cat","embeddable":true,"href":"https:\/\/gmtravelsolution.com\/de\/wp-json\/wp\/v2\/product_cat?post=40976"},{"taxonomy":"product_tag","embeddable":true,"href":"https:\/\/gmtravelsolution.com\/de\/wp-json\/wp\/v2\/product_tag?post=40976"}],"curies":[{"name":"wp","href":"https:\/\/api.w.org\/{rel}","templated":true}]}}