{"id":33786,"date":"2023-10-31T03:02:58","date_gmt":"2023-10-31T01:02:58","guid":{"rendered":"https:\/\/gmtravelsolution.com\/?post_type=product&#038;p=33786"},"modified":"2025-12-31T20:12:45","modified_gmt":"2025-12-31T18:12:45","slug":"schnelle-wege-luxor","status":"publish","type":"product","link":"https:\/\/gmtravelsolution.com\/de\/products\/schnelle-wege-luxor\/","title":{"rendered":"Schnelle Wege Luxor"},"content":{"rendered":"<p>Preis:\u00a0<span style=\"color: #339966;\"><strong> 35$<\/strong>\u00a0<\/span>(Zus\u00e4tzliche Erwachsene kosten ebenfalls\u00a0<span style=\"color: #ff9900;\"><strong> 35$<\/strong><\/span>\u00a0jeder).<\/p>\n<p>Erwachsene : 12+ Jahre<br \/>\nKinder : 0 \u2013 11.99 Jahre<\/p>\n<p>Wenn Sie einer der Passagiere sind, die nicht den ganzen Tag warten wollen, dann sind unsere schnelle Service hier, um alle Formalit\u00e4ten ohne Warteschlange am Flughafen zu erledigen. sparen Sie Ihre Zeit, denn wir glauben, wie wertvoll jede Minute in Ihrem Leben auch Sie den Rest Ihres Tages genie\u00dfen k\u00f6nnen.<\/p>\n<p>Sobald Ihr Flugzeug gelandet ist, werden Sie von einem unserer<br \/>\nh\u00f6flichen Agenten empfangen, der ein Willkommensschild mit Ihrem Namen des Gastes an Ihrem Ankunft-Gate h\u00e4lt. Er\/sie wird Ihre ImmigrationKarte ausf\u00fcllen, das Visum bei der Ankunft (falls erforderlich), Ihren Reispass oder Ausweis mit Passkontrolle \u00fcber einen VIP-Schalter stemplen, der Portierassistent wird Ihr Gep\u00e4ck abholen und hilft Ihnen beim Zoll. Endlish, Unser Vertreter begleitet Sie zur Ankunftshalle, zum Fahrzeug oder zu den Familienmitgliedern, die auf Ihre Ankunft warten, und sind Sie im einer Minute ausdem Flughafen.<\/p>\n","protected":false},"excerpt":{"rendered":"<p>Preis:\u00a0 35$\u00a0(Zus\u00e4tzliche Erwachsene kosten ebenfalls\u00a0 35$\u00a0jeder). Erwachsene : 12+ Jahre Kinder : 0 \u2013 11.99 Jahre Wenn Sie einer der<\/p>\n","protected":false},"featured_media":43166,"comment_status":"open","ping_status":"closed","template":"","meta":{"_mi_skip_tracking":false},"product_cat":[1211,1231,506],"product_tag":[507,543,509],"class_list":["post-33786","product","type-product","status-publish","has-post-thumbnail","hentry","product_cat-agypten","product_cat-lxr-gold-arv-int-de","product_cat-treffen-helfen","product_tag-flughafen","product_tag-meet-assist-plus-de","product_tag-sharm-el-sheikh-de"],"yoast_head":"<!-- This site is optimized with the Yoast SEO Premium plugin v21.5 (Yoast SEO v21.5) - https:\/\/yoast.com\/wordpress\/plugins\/seo\/ -->\n<title>Schnelle Wege Luxor - Global Marketing<\/title>\n<meta name=\"robots\" content=\"index, follow, max-snippet:-1, max-image-preview:large, max-video-preview:-1\" \/>\n<link rel=\"canonical\" href=\"https:\/\/gmtravelsolution.com\/de\/products\/schnelle-wege-luxor\/\" \/>\n<meta property=\"og:locale\" content=\"de_DE\" \/>\n<meta property=\"og:type\" content=\"article\" \/>\n<meta property=\"og:title\" content=\"Schnelle Wege Luxor\" \/>\n<meta property=\"og:description\" content=\"Preis:\u00a0 35$\u00a0(Zus\u00e4tzliche Erwachsene kosten ebenfalls\u00a0 35$\u00a0jeder). Erwachsene : 12+ Jahre Kinder : 0 \u2013 11.99 Jahre Wenn Sie einer der\" \/>\n<meta property=\"og:url\" content=\"https:\/\/gmtravelsolution.com\/de\/products\/schnelle-wege-luxor\/\" \/>\n<meta property=\"og:site_name\" content=\"Global Marketing\" \/>\n<meta property=\"article:modified_time\" content=\"2025-12-31T18:12:45+00:00\" \/>\n<meta property=\"og:image\" content=\"https:\/\/gmtravelsolution.com\/wp-content\/uploads\/2020\/11\/airport-fast-track-768x392-1.jpg\" \/>\n\t<meta property=\"og:image:width\" content=\"768\" \/>\n\t<meta property=\"og:image:height\" content=\"392\" \/>\n\t<meta property=\"og:image:type\" content=\"image\/jpeg\" \/>\n<meta name=\"twitter:card\" content=\"summary_large_image\" \/>\n<meta name=\"twitter:label1\" content=\"Gesch\u00e4tzte Lesezeit\" \/>\n\t<meta name=\"twitter:data1\" content=\"1 Minute\" \/>\n<script type=\"application\/ld+json\" class=\"yoast-schema-graph\">{\"@context\":\"https:\/\/schema.org\",\"@graph\":[{\"@type\":\"WebPage\",\"@id\":\"https:\/\/gmtravelsolution.com\/de\/products\/schnelle-wege-luxor\/\",\"url\":\"https:\/\/gmtravelsolution.com\/de\/products\/schnelle-wege-luxor\/\",\"name\":\"Schnelle Wege Luxor - Global Marketing\",\"isPartOf\":{\"@id\":\"https:\/\/gmtravelsolution.com\/#website\"},\"datePublished\":\"2023-10-31T01:02:58+00:00\",\"dateModified\":\"2025-12-31T18:12:45+00:00\",\"breadcrumb\":{\"@id\":\"https:\/\/gmtravelsolution.com\/de\/products\/schnelle-wege-luxor\/#breadcrumb\"},\"inLanguage\":\"de-DE\",\"potentialAction\":[{\"@type\":\"ReadAction\",\"target\":[\"https:\/\/gmtravelsolution.com\/de\/products\/schnelle-wege-luxor\/\"]}]},{\"@type\":\"BreadcrumbList\",\"@id\":\"https:\/\/gmtravelsolution.com\/de\/products\/schnelle-wege-luxor\/#breadcrumb\",\"itemListElement\":[{\"@type\":\"ListItem\",\"position\":1,\"name\":\"Home\",\"item\":\"https:\/\/gmtravelsolution.com\/\"},{\"@type\":\"ListItem\",\"position\":2,\"name\":\"Buchung\",\"item\":\"https:\/\/gmtravelsolution.com\/de\/shop\/\"},{\"@type\":\"ListItem\",\"position\":3,\"name\":\"Schnelle Wege Luxor\"}]},{\"@type\":\"WebSite\",\"@id\":\"https:\/\/gmtravelsolution.com\/#website\",\"url\":\"https:\/\/gmtravelsolution.com\/\",\"name\":\"Global Marketing\",\"description\":\"Travel Solution\",\"potentialAction\":[{\"@type\":\"SearchAction\",\"target\":{\"@type\":\"EntryPoint\",\"urlTemplate\":\"https:\/\/gmtravelsolution.com\/?s={search_term_string}\"},\"query-input\":\"required name=search_term_string\"}],\"inLanguage\":\"de-DE\"}]}<\/script>\n<!-- \/ Yoast SEO Premium plugin. -->","yoast_head_json":{"title":"Schnelle Wege Luxor - Global Marketing","robots":{"index":"index","follow":"follow","max-snippet":"max-snippet:-1","max-image-preview":"max-image-preview:large","max-video-preview":"max-video-preview:-1"},"canonical":"https:\/\/gmtravelsolution.com\/de\/products\/schnelle-wege-luxor\/","og_locale":"de_DE","og_type":"article","og_title":"Schnelle Wege Luxor","og_description":"Preis:\u00a0 35$\u00a0(Zus\u00e4tzliche Erwachsene kosten ebenfalls\u00a0 35$\u00a0jeder). Erwachsene : 12+ Jahre Kinder : 0 \u2013 11.99 Jahre Wenn Sie einer der","og_url":"https:\/\/gmtravelsolution.com\/de\/products\/schnelle-wege-luxor\/","og_site_name":"Global Marketing","article_modified_time":"2025-12-31T18:12:45+00:00","og_image":[{"width":768,"height":392,"url":"https:\/\/gmtravelsolution.com\/wp-content\/uploads\/2020\/11\/airport-fast-track-768x392-1.jpg","type":"image\/jpeg"}],"twitter_card":"summary_large_image","twitter_misc":{"Gesch\u00e4tzte Lesezeit":"1 Minute"},"schema":{"@context":"https:\/\/schema.org","@graph":[{"@type":"WebPage","@id":"https:\/\/gmtravelsolution.com\/de\/products\/schnelle-wege-luxor\/","url":"https:\/\/gmtravelsolution.com\/de\/products\/schnelle-wege-luxor\/","name":"Schnelle Wege Luxor - Global Marketing","isPartOf":{"@id":"https:\/\/gmtravelsolution.com\/#website"},"datePublished":"2023-10-31T01:02:58+00:00","dateModified":"2025-12-31T18:12:45+00:00","breadcrumb":{"@id":"https:\/\/gmtravelsolution.com\/de\/products\/schnelle-wege-luxor\/#breadcrumb"},"inLanguage":"de-DE","potentialAction":[{"@type":"ReadAction","target":["https:\/\/gmtravelsolution.com\/de\/products\/schnelle-wege-luxor\/"]}]},{"@type":"BreadcrumbList","@id":"https:\/\/gmtravelsolution.com\/de\/products\/schnelle-wege-luxor\/#breadcrumb","itemListElement":[{"@type":"ListItem","position":1,"name":"Home","item":"https:\/\/gmtravelsolution.com\/"},{"@type":"ListItem","position":2,"name":"Buchung","item":"https:\/\/gmtravelsolution.com\/de\/shop\/"},{"@type":"ListItem","position":3,"name":"Schnelle Wege Luxor"}]},{"@type":"WebSite","@id":"https:\/\/gmtravelsolution.com\/#website","url":"https:\/\/gmtravelsolution.com\/","name":"Global Marketing","description":"Travel Solution","potentialAction":[{"@type":"SearchAction","target":{"@type":"EntryPoint","urlTemplate":"https:\/\/gmtravelsolution.com\/?s={search_term_string}"},"query-input":"required name=search_term_string"}],"inLanguage":"de-DE"}]}},"_links":{"self":[{"href":"https:\/\/gmtravelsolution.com\/de\/wp-json\/wp\/v2\/product\/33786","targetHints":{"allow":["GET"]}}],"collection":[{"href":"https:\/\/gmtravelsolution.com\/de\/wp-json\/wp\/v2\/product"}],"about":[{"href":"https:\/\/gmtravelsolution.com\/de\/wp-json\/wp\/v2\/types\/product"}],"replies":[{"embeddable":true,"href":"https:\/\/gmtravelsolution.com\/de\/wp-json\/wp\/v2\/comments?post=33786"}],"version-history":[{"count":5,"href":"https:\/\/gmtravelsolution.com\/de\/wp-json\/wp\/v2\/product\/33786\/revisions"}],"predecessor-version":[{"id":61052,"href":"https:\/\/gmtravelsolution.com\/de\/wp-json\/wp\/v2\/product\/33786\/revisions\/61052"}],"wp:featuredmedia":[{"embeddable":true,"href":"https:\/\/gmtravelsolution.com\/de\/wp-json\/wp\/v2\/media\/43166"}],"wp:attachment":[{"href":"https:\/\/gmtravelsolution.com\/de\/wp-json\/wp\/v2\/media?parent=33786"}],"wp:term":[{"taxonomy":"product_cat","embeddable":true,"href":"https:\/\/gmtravelsolution.com\/de\/wp-json\/wp\/v2\/product_cat?post=33786"},{"taxonomy":"product_tag","embeddable":true,"href":"https:\/\/gmtravelsolution.com\/de\/wp-json\/wp\/v2\/product_tag?post=33786"}],"curies":[{"name":"wp","href":"https:\/\/api.w.org\/{rel}","templated":true}]}}