{"id":22745,"date":"2022-12-27T13:35:34","date_gmt":"2022-12-27T11:35:37","guid":{"rendered":"https:\/\/gmtravelsolution.com\/?post_type=product&#038;p=22745"},"modified":"2026-01-04T01:22:20","modified_gmt":"2026-01-03T23:22:20","slug":"schneller-weg-silber-sphinx","status":"publish","type":"product","link":"https:\/\/gmtravelsolution.com\/de\/products\/schneller-weg-silber-sphinx\/","title":{"rendered":"Schneller Weg Silber Sphinx"},"content":{"rendered":"<ul>\n<li>Kosten f\u00fcr Erwachsene: <strong><span style=\"color: #339966;\">70$<\/span><\/strong> (Zus\u00e4tzliche Erwachsene kosten ebenfalls <strong><span style=\"color: #ff9900;\">70$<\/span><\/strong> jeder).<\/li>\n<li>Kinderkosten: <strong><span style=\"color: #339966;\">70$ <\/span><\/strong>(Zus\u00e4tzliche Kinder kosten<strong><span style=\"color: #ff9900;\"> 70$<\/span><\/strong> jeder).<\/li>\n<li>Kosten f\u00fcr Kleinkinder: <strong><span style=\"color: #339966;\">35$ <\/span><\/strong>(jedes weitere Kleinkind <strong><span style=\"color: #ff9900;\">35$<\/span><\/strong>).<\/li>\n<\/ul>\n<p>&nbsp;<\/p>\n<p>Erwachsene : 6+ Jahre \/\/\/ Kinder: 2 \u2013 5.99 Jahre \/\/\/ Kleinkinder: 0 &#8211; 1.99 Jahre<\/p>\n<p>F\u00fcr mehr Luxus begleiten wir Sie direkt in die VIP-Lounge des internationalen Flughafens Hurghada, nachdem alle Formalit\u00e4ten sehr schnell erledigt sind, ob Business oder Economy Class, um sich vor Ihrem Flug zu entspannen und mit allen Einrichtungen zu genie\u00dfen, die Sie ben\u00f6tigen. Sie werden von einem unserer h\u00f6flichen Agenten empfangen, der ein Willkommensschild mit dem Namen des Gastes am Gate des Abflugterminals mit Portierassistent h\u00e4lt. Unser Agent erledigt alle Abflugformalit\u00e4ten ohne in der Warteschlange zu stehen und sehr schnell durch VIP-Schalter und begleitet Sie in die VIP-Lounge.<\/p>\n","protected":false},"excerpt":{"rendered":"<p>Kosten f\u00fcr Erwachsene: 70$ (Zus\u00e4tzliche Erwachsene kosten ebenfalls 70$ jeder). Kinderkosten: 70$ (Zus\u00e4tzliche Kinder kosten 70$ jeder). Kosten f\u00fcr Kleinkinder:<\/p>\n","protected":false},"featured_media":51972,"comment_status":"open","ping_status":"closed","template":"","meta":{"_mi_skip_tracking":false},"product_cat":[506],"product_tag":[507,535,543],"class_list":["post-22745","product","type-product","status-publish","has-post-thumbnail","hentry","product_cat-treffen-helfen","product_tag-flughafen","product_tag-hurghada-de","product_tag-meet-assist-plus-de"],"yoast_head":"<!-- This site is optimized with the Yoast SEO Premium plugin v21.5 (Yoast SEO v21.5) - https:\/\/yoast.com\/wordpress\/plugins\/seo\/ -->\n<title>Schneller Weg Silber Sphinx - Global Marketing<\/title>\n<meta name=\"robots\" content=\"index, follow, max-snippet:-1, max-image-preview:large, max-video-preview:-1\" \/>\n<link rel=\"canonical\" href=\"https:\/\/gmtravelsolution.com\/de\/products\/schneller-weg-silber-sphinx\/\" \/>\n<meta property=\"og:locale\" content=\"de_DE\" \/>\n<meta property=\"og:type\" content=\"article\" \/>\n<meta property=\"og:title\" content=\"Schneller Weg Silber Sphinx\" \/>\n<meta property=\"og:description\" content=\"Kosten f\u00fcr Erwachsene: 70$ (Zus\u00e4tzliche Erwachsene kosten ebenfalls 70$ jeder). Kinderkosten: 70$ (Zus\u00e4tzliche Kinder kosten 70$ jeder). Kosten f\u00fcr Kleinkinder:\" \/>\n<meta property=\"og:url\" content=\"https:\/\/gmtravelsolution.com\/de\/products\/schneller-weg-silber-sphinx\/\" \/>\n<meta property=\"og:site_name\" content=\"Global Marketing\" \/>\n<meta property=\"article:modified_time\" content=\"2026-01-03T23:22:20+00:00\" \/>\n<meta property=\"og:image\" content=\"https:\/\/gmtravelsolution.com\/wp-content\/uploads\/2022\/12\/Lounge-cards.jpg\" \/>\n\t<meta property=\"og:image:width\" content=\"768\" \/>\n\t<meta property=\"og:image:height\" content=\"392\" \/>\n\t<meta property=\"og:image:type\" content=\"image\/jpeg\" \/>\n<meta name=\"twitter:card\" content=\"summary_large_image\" \/>\n<meta name=\"twitter:label1\" content=\"Gesch\u00e4tzte Lesezeit\" \/>\n\t<meta name=\"twitter:data1\" content=\"1 Minute\" \/>\n<script type=\"application\/ld+json\" class=\"yoast-schema-graph\">{\"@context\":\"https:\/\/schema.org\",\"@graph\":[{\"@type\":\"WebPage\",\"@id\":\"https:\/\/gmtravelsolution.com\/de\/products\/schneller-weg-silber-sphinx\/\",\"url\":\"https:\/\/gmtravelsolution.com\/de\/products\/schneller-weg-silber-sphinx\/\",\"name\":\"Schneller Weg Silber Sphinx - Global Marketing\",\"isPartOf\":{\"@id\":\"https:\/\/gmtravelsolution.com\/#website\"},\"datePublished\":\"2022-12-27T11:35:37+00:00\",\"dateModified\":\"2026-01-03T23:22:20+00:00\",\"breadcrumb\":{\"@id\":\"https:\/\/gmtravelsolution.com\/de\/products\/schneller-weg-silber-sphinx\/#breadcrumb\"},\"inLanguage\":\"de-DE\",\"potentialAction\":[{\"@type\":\"ReadAction\",\"target\":[\"https:\/\/gmtravelsolution.com\/de\/products\/schneller-weg-silber-sphinx\/\"]}]},{\"@type\":\"BreadcrumbList\",\"@id\":\"https:\/\/gmtravelsolution.com\/de\/products\/schneller-weg-silber-sphinx\/#breadcrumb\",\"itemListElement\":[{\"@type\":\"ListItem\",\"position\":1,\"name\":\"Home\",\"item\":\"https:\/\/gmtravelsolution.com\/\"},{\"@type\":\"ListItem\",\"position\":2,\"name\":\"Buchung\",\"item\":\"https:\/\/gmtravelsolution.com\/de\/shop\/\"},{\"@type\":\"ListItem\",\"position\":3,\"name\":\"Schneller Weg Silber Sphinx\"}]},{\"@type\":\"WebSite\",\"@id\":\"https:\/\/gmtravelsolution.com\/#website\",\"url\":\"https:\/\/gmtravelsolution.com\/\",\"name\":\"Global Marketing\",\"description\":\"Travel Solution\",\"potentialAction\":[{\"@type\":\"SearchAction\",\"target\":{\"@type\":\"EntryPoint\",\"urlTemplate\":\"https:\/\/gmtravelsolution.com\/?s={search_term_string}\"},\"query-input\":\"required name=search_term_string\"}],\"inLanguage\":\"de-DE\"}]}<\/script>\n<!-- \/ Yoast SEO Premium plugin. -->","yoast_head_json":{"title":"Schneller Weg Silber Sphinx - Global Marketing","robots":{"index":"index","follow":"follow","max-snippet":"max-snippet:-1","max-image-preview":"max-image-preview:large","max-video-preview":"max-video-preview:-1"},"canonical":"https:\/\/gmtravelsolution.com\/de\/products\/schneller-weg-silber-sphinx\/","og_locale":"de_DE","og_type":"article","og_title":"Schneller Weg Silber Sphinx","og_description":"Kosten f\u00fcr Erwachsene: 70$ (Zus\u00e4tzliche Erwachsene kosten ebenfalls 70$ jeder). Kinderkosten: 70$ (Zus\u00e4tzliche Kinder kosten 70$ jeder). Kosten f\u00fcr Kleinkinder:","og_url":"https:\/\/gmtravelsolution.com\/de\/products\/schneller-weg-silber-sphinx\/","og_site_name":"Global Marketing","article_modified_time":"2026-01-03T23:22:20+00:00","og_image":[{"width":768,"height":392,"url":"https:\/\/gmtravelsolution.com\/wp-content\/uploads\/2022\/12\/Lounge-cards.jpg","type":"image\/jpeg"}],"twitter_card":"summary_large_image","twitter_misc":{"Gesch\u00e4tzte Lesezeit":"1 Minute"},"schema":{"@context":"https:\/\/schema.org","@graph":[{"@type":"WebPage","@id":"https:\/\/gmtravelsolution.com\/de\/products\/schneller-weg-silber-sphinx\/","url":"https:\/\/gmtravelsolution.com\/de\/products\/schneller-weg-silber-sphinx\/","name":"Schneller Weg Silber Sphinx - Global Marketing","isPartOf":{"@id":"https:\/\/gmtravelsolution.com\/#website"},"datePublished":"2022-12-27T11:35:37+00:00","dateModified":"2026-01-03T23:22:20+00:00","breadcrumb":{"@id":"https:\/\/gmtravelsolution.com\/de\/products\/schneller-weg-silber-sphinx\/#breadcrumb"},"inLanguage":"de-DE","potentialAction":[{"@type":"ReadAction","target":["https:\/\/gmtravelsolution.com\/de\/products\/schneller-weg-silber-sphinx\/"]}]},{"@type":"BreadcrumbList","@id":"https:\/\/gmtravelsolution.com\/de\/products\/schneller-weg-silber-sphinx\/#breadcrumb","itemListElement":[{"@type":"ListItem","position":1,"name":"Home","item":"https:\/\/gmtravelsolution.com\/"},{"@type":"ListItem","position":2,"name":"Buchung","item":"https:\/\/gmtravelsolution.com\/de\/shop\/"},{"@type":"ListItem","position":3,"name":"Schneller Weg Silber Sphinx"}]},{"@type":"WebSite","@id":"https:\/\/gmtravelsolution.com\/#website","url":"https:\/\/gmtravelsolution.com\/","name":"Global Marketing","description":"Travel Solution","potentialAction":[{"@type":"SearchAction","target":{"@type":"EntryPoint","urlTemplate":"https:\/\/gmtravelsolution.com\/?s={search_term_string}"},"query-input":"required name=search_term_string"}],"inLanguage":"de-DE"}]}},"_links":{"self":[{"href":"https:\/\/gmtravelsolution.com\/de\/wp-json\/wp\/v2\/product\/22745","targetHints":{"allow":["GET"]}}],"collection":[{"href":"https:\/\/gmtravelsolution.com\/de\/wp-json\/wp\/v2\/product"}],"about":[{"href":"https:\/\/gmtravelsolution.com\/de\/wp-json\/wp\/v2\/types\/product"}],"replies":[{"embeddable":true,"href":"https:\/\/gmtravelsolution.com\/de\/wp-json\/wp\/v2\/comments?post=22745"}],"version-history":[{"count":7,"href":"https:\/\/gmtravelsolution.com\/de\/wp-json\/wp\/v2\/product\/22745\/revisions"}],"predecessor-version":[{"id":61335,"href":"https:\/\/gmtravelsolution.com\/de\/wp-json\/wp\/v2\/product\/22745\/revisions\/61335"}],"wp:featuredmedia":[{"embeddable":true,"href":"https:\/\/gmtravelsolution.com\/de\/wp-json\/wp\/v2\/media\/51972"}],"wp:attachment":[{"href":"https:\/\/gmtravelsolution.com\/de\/wp-json\/wp\/v2\/media?parent=22745"}],"wp:term":[{"taxonomy":"product_cat","embeddable":true,"href":"https:\/\/gmtravelsolution.com\/de\/wp-json\/wp\/v2\/product_cat?post=22745"},{"taxonomy":"product_tag","embeddable":true,"href":"https:\/\/gmtravelsolution.com\/de\/wp-json\/wp\/v2\/product_tag?post=22745"}],"curies":[{"name":"wp","href":"https:\/\/api.w.org\/{rel}","templated":true}]}}