{"id":20416,"date":"2022-05-11T16:29:53","date_gmt":"2022-05-11T14:29:57","guid":{"rendered":"https:\/\/gmtravelsolution.com\/?post_type=product&#038;p=20416"},"modified":"2022-05-12T13:10:50","modified_gmt":"2022-05-12T11:10:50","slug":"schnelle-wege-gold-marsa-ankunft","status":"publish","type":"product","link":"https:\/\/gmtravelsolution.com\/de\/products\/schnelle-wege-gold-marsa-ankunft\/","title":{"rendered":"Schnelle Wege Gold Hurghada Ankunft"},"content":{"rendered":"<p>[vc_row][vc_column][vc_column_text]Erster Erwachsener Kosten <span style=\"color: #339966;\"><strong>175$<\/strong><\/span>\u00a0(Zus\u00e4tzliche Passagiere kosten\u00a0<span style=\"color: #ff9900;\"><strong>25$<\/strong><\/span>\u00a0jeder).<\/p>\n<p>Erwachsene : 12+ Jahre \/\/\/ Kinder : 3 \u2013 11.99 Jahre \/\/\/ Kleinkinder: 0 \u2013 2.99 Jahre<\/p>\n<p>Registrieren Sie sich beim Schnelle Wege Gold Service, um eine reibungslose und sorgenfreie Ankunft am Flughafen zu gew\u00e4hrleisten. Sobald Ihr Flugzeug landet, werden Sie von einem unserer h\u00f6flichen Agenten empfangen, der ein Willkommensschild mit dem Namen des Gastes am Flugsteig h\u00e4lt. Er \/ sie f\u00e4hrt Sie dann in einem privaten Fahrzeug zur Ankunftshalle. Er \/ sie wird Ihre Einwanderungskarte und Ihr Visum bei der Ankunft ausf\u00fcllen (falls erforderlich) und dort werden wir alle Verfahren f\u00fcr die Ankunft \u00fcber einen VIP-Schalter sehr schnell durchlaufen, ohne in einer Warteschlange zu stehen.<\/p>\n<p>Wir stempeln Ihren Pass mit Passkontrolle ab, der Portierassistent holt Ihr Gep\u00e4ck ab und hilft Ihnen beim Zoll. Abh\u00e4ngig von den Vorkehrungen begleitet Sie unser Vertreter zum Ankunftsbereich, zum Fahrzeug oder zu Familienmitgliedern, die auf Ihre Ankunft warten.[\/vc_column_text][\/vc_column][\/vc_row]<\/p>\n","protected":false},"excerpt":{"rendered":"<p>Dies ist der Ankunftsservice, wenn Sie die Abreise \u00fcberpr\u00fcfen m\u00f6chten, klicken Sie hier [vc_btn title=&#8220;Abfahrt&#8220; link=&#8220;url:\/de\/products\/schnelle-wege-gold-hurghada-abfahrt\/&#8220;]<\/p>\n<p><span style=\"color: #ff0000;\">Der Schnelle Wege Gold am internationalen Flughafen Hurghada ist nur in Terminal 2 verf\u00fcgbar<\/span><\/p>\n","protected":false},"featured_media":15501,"comment_status":"open","ping_status":"closed","template":"","meta":{"_mi_skip_tracking":false},"product_cat":[794,506],"product_tag":[507,543,509],"class_list":["post-20416","product","type-product","status-publish","has-post-thumbnail","hentry","product_cat-fast-track-gold-hurghada-de","product_cat-treffen-helfen","product_tag-flughafen","product_tag-meet-assist-plus-de","product_tag-sharm-el-sheikh-de"],"yoast_head":"<!-- This site is optimized with the Yoast SEO Premium plugin v21.5 (Yoast SEO v21.5) - https:\/\/yoast.com\/wordpress\/plugins\/seo\/ -->\n<title>Schnelle Wege Gold Hurghada Ankunft - Global Marketing<\/title>\n<meta name=\"robots\" content=\"index, follow, max-snippet:-1, max-image-preview:large, max-video-preview:-1\" \/>\n<link rel=\"canonical\" href=\"https:\/\/gmtravelsolution.com\/?post_type=product&p=20412\" \/>\n<meta property=\"og:locale\" content=\"de_DE\" \/>\n<meta property=\"og:type\" content=\"article\" \/>\n<meta property=\"og:title\" content=\"Schnelle Wege Gold Hurghada Ankunft\" \/>\n<meta property=\"og:description\" content=\"Dies ist der Ankunftsservice, wenn Sie die Abreise \u00fcberpr\u00fcfen m\u00f6chten, klicken Sie hier [vc_btn title=&quot;Abfahrt&quot; link=&quot;url:\/de\/products\/schnelle-wege-gold-hurghada-abfahrt\/&quot;]  Der Schnelle Wege Gold am internationalen Flughafen Hurghada ist nur in Terminal 2 verf\u00fcgbar\" \/>\n<meta property=\"og:url\" content=\"https:\/\/gmtravelsolution.com\/?post_type=product&amp;p=20412\" \/>\n<meta property=\"og:site_name\" content=\"Global Marketing\" \/>\n<meta property=\"article:modified_time\" content=\"2022-05-12T11:10:50+00:00\" \/>\n<meta property=\"og:image\" content=\"https:\/\/gmtravelsolution.com\/wp-content\/uploads\/2021\/01\/Meet-and-assist-plus-1.jpg\" \/>\n\t<meta property=\"og:image:width\" content=\"768\" \/>\n\t<meta property=\"og:image:height\" content=\"392\" \/>\n\t<meta property=\"og:image:type\" content=\"image\/jpeg\" \/>\n<meta name=\"twitter:card\" content=\"summary_large_image\" \/>\n<meta name=\"twitter:label1\" content=\"Gesch\u00e4tzte Lesezeit\" \/>\n\t<meta name=\"twitter:data1\" content=\"1 Minute\" \/>\n<script type=\"application\/ld+json\" class=\"yoast-schema-graph\">{\"@context\":\"https:\/\/schema.org\",\"@graph\":[{\"@type\":\"WebPage\",\"@id\":\"https:\/\/gmtravelsolution.com\/?post_type=product&p=20412\",\"url\":\"https:\/\/gmtravelsolution.com\/?post_type=product&p=20412\",\"name\":\"Schnelle Wege Gold Hurghada Ankunft - Global Marketing\",\"isPartOf\":{\"@id\":\"https:\/\/gmtravelsolution.com\/#website\"},\"datePublished\":\"2022-05-11T14:29:57+00:00\",\"dateModified\":\"2022-05-12T11:10:50+00:00\",\"breadcrumb\":{\"@id\":\"https:\/\/gmtravelsolution.com\/?post_type=product&p=20412#breadcrumb\"},\"inLanguage\":\"de-DE\",\"potentialAction\":[{\"@type\":\"ReadAction\",\"target\":[\"https:\/\/gmtravelsolution.com\/?post_type=product&p=20412\"]}]},{\"@type\":\"BreadcrumbList\",\"@id\":\"https:\/\/gmtravelsolution.com\/?post_type=product&p=20412#breadcrumb\",\"itemListElement\":[{\"@type\":\"ListItem\",\"position\":1,\"name\":\"Home\",\"item\":\"https:\/\/gmtravelsolution.com\/\"},{\"@type\":\"ListItem\",\"position\":2,\"name\":\"Buchung\",\"item\":\"https:\/\/gmtravelsolution.com\/de\/shop\/\"},{\"@type\":\"ListItem\",\"position\":3,\"name\":\"Schnelle Wege Gold Hurghada Ankunft\"}]},{\"@type\":\"WebSite\",\"@id\":\"https:\/\/gmtravelsolution.com\/#website\",\"url\":\"https:\/\/gmtravelsolution.com\/\",\"name\":\"Global Marketing\",\"description\":\"Travel Solution\",\"potentialAction\":[{\"@type\":\"SearchAction\",\"target\":{\"@type\":\"EntryPoint\",\"urlTemplate\":\"https:\/\/gmtravelsolution.com\/?s={search_term_string}\"},\"query-input\":\"required name=search_term_string\"}],\"inLanguage\":\"de-DE\"}]}<\/script>\n<!-- \/ Yoast SEO Premium plugin. -->","yoast_head_json":{"title":"Schnelle Wege Gold Hurghada Ankunft - Global Marketing","robots":{"index":"index","follow":"follow","max-snippet":"max-snippet:-1","max-image-preview":"max-image-preview:large","max-video-preview":"max-video-preview:-1"},"canonical":"https:\/\/gmtravelsolution.com\/?post_type=product&p=20412","og_locale":"de_DE","og_type":"article","og_title":"Schnelle Wege Gold Hurghada Ankunft","og_description":"Dies ist der Ankunftsservice, wenn Sie die Abreise \u00fcberpr\u00fcfen m\u00f6chten, klicken Sie hier [vc_btn title=\"Abfahrt\" link=\"url:\/de\/products\/schnelle-wege-gold-hurghada-abfahrt\/\"]  Der Schnelle Wege Gold am internationalen Flughafen Hurghada ist nur in Terminal 2 verf\u00fcgbar","og_url":"https:\/\/gmtravelsolution.com\/?post_type=product&p=20412","og_site_name":"Global Marketing","article_modified_time":"2022-05-12T11:10:50+00:00","og_image":[{"width":768,"height":392,"url":"https:\/\/gmtravelsolution.com\/wp-content\/uploads\/2021\/01\/Meet-and-assist-plus-1.jpg","type":"image\/jpeg"}],"twitter_card":"summary_large_image","twitter_misc":{"Gesch\u00e4tzte Lesezeit":"1 Minute"},"schema":{"@context":"https:\/\/schema.org","@graph":[{"@type":"WebPage","@id":"https:\/\/gmtravelsolution.com\/?post_type=product&p=20412","url":"https:\/\/gmtravelsolution.com\/?post_type=product&p=20412","name":"Schnelle Wege Gold Hurghada Ankunft - Global Marketing","isPartOf":{"@id":"https:\/\/gmtravelsolution.com\/#website"},"datePublished":"2022-05-11T14:29:57+00:00","dateModified":"2022-05-12T11:10:50+00:00","breadcrumb":{"@id":"https:\/\/gmtravelsolution.com\/?post_type=product&p=20412#breadcrumb"},"inLanguage":"de-DE","potentialAction":[{"@type":"ReadAction","target":["https:\/\/gmtravelsolution.com\/?post_type=product&p=20412"]}]},{"@type":"BreadcrumbList","@id":"https:\/\/gmtravelsolution.com\/?post_type=product&p=20412#breadcrumb","itemListElement":[{"@type":"ListItem","position":1,"name":"Home","item":"https:\/\/gmtravelsolution.com\/"},{"@type":"ListItem","position":2,"name":"Buchung","item":"https:\/\/gmtravelsolution.com\/de\/shop\/"},{"@type":"ListItem","position":3,"name":"Schnelle Wege Gold Hurghada Ankunft"}]},{"@type":"WebSite","@id":"https:\/\/gmtravelsolution.com\/#website","url":"https:\/\/gmtravelsolution.com\/","name":"Global Marketing","description":"Travel Solution","potentialAction":[{"@type":"SearchAction","target":{"@type":"EntryPoint","urlTemplate":"https:\/\/gmtravelsolution.com\/?s={search_term_string}"},"query-input":"required name=search_term_string"}],"inLanguage":"de-DE"}]}},"_links":{"self":[{"href":"https:\/\/gmtravelsolution.com\/de\/wp-json\/wp\/v2\/product\/20416","targetHints":{"allow":["GET"]}}],"collection":[{"href":"https:\/\/gmtravelsolution.com\/de\/wp-json\/wp\/v2\/product"}],"about":[{"href":"https:\/\/gmtravelsolution.com\/de\/wp-json\/wp\/v2\/types\/product"}],"replies":[{"embeddable":true,"href":"https:\/\/gmtravelsolution.com\/de\/wp-json\/wp\/v2\/comments?post=20416"}],"version-history":[{"count":1,"href":"https:\/\/gmtravelsolution.com\/de\/wp-json\/wp\/v2\/product\/20416\/revisions"}],"predecessor-version":[{"id":20439,"href":"https:\/\/gmtravelsolution.com\/de\/wp-json\/wp\/v2\/product\/20416\/revisions\/20439"}],"wp:featuredmedia":[{"embeddable":true,"href":"https:\/\/gmtravelsolution.com\/de\/wp-json\/wp\/v2\/media\/15501"}],"wp:attachment":[{"href":"https:\/\/gmtravelsolution.com\/de\/wp-json\/wp\/v2\/media?parent=20416"}],"wp:term":[{"taxonomy":"product_cat","embeddable":true,"href":"https:\/\/gmtravelsolution.com\/de\/wp-json\/wp\/v2\/product_cat?post=20416"},{"taxonomy":"product_tag","embeddable":true,"href":"https:\/\/gmtravelsolution.com\/de\/wp-json\/wp\/v2\/product_tag?post=20416"}],"curies":[{"name":"wp","href":"https:\/\/api.w.org\/{rel}","templated":true}]}}