{"id":20316,"date":"2022-04-30T22:17:10","date_gmt":"2022-04-30T20:17:22","guid":{"rendered":"https:\/\/gmtravelsolution.com\/?post_type=product&#038;p=20316"},"modified":"2025-12-31T16:00:58","modified_gmt":"2025-12-31T14:00:58","slug":"koeniglicher-schnelle-wege-marsa-alam-neu","status":"publish","type":"product","link":"https:\/\/gmtravelsolution.com\/de\/products\/koeniglicher-schnelle-wege-marsa-alam-neu\/","title":{"rendered":"K\u00f6niglicher Schnelle Wege Marsa Alam"},"content":{"rendered":"<p>Erste Kosten f\u00fcr Erwachsene<span style=\"color: #339966;\">\u00a0<strong>300$<\/strong>\u00a0<\/span>(Zus\u00e4tzliche Passagiere kosten <span style=\"color: #ff9900;\"><strong>100$<\/strong>\u00a0<\/span>each).<\/p>\n<p>Luxus und Privatsph\u00e4re sind der Titel des Prinzendienstes. Sobald Ihr Flugzeug gelandet ist, werden Sie von einem unserer h\u00f6flichen Agenten empfangen, der ein Willkommensschild mit dem Namen des Gastes vor der T\u00fcr Ihres Flugzeugs h\u00e4lt.Unser vertreter f\u00e4hrt Sie dann in einem Privatfahrzeug zur VIP-Lounge und genie\u00dft mit Getr\u00e4nken, Snacks, WiFi, Fernsehen, wartet darauf, dass unser Agent alle Formalit\u00e4ten erledigt (f\u00fcllen Sie Ihre immigrationKarte, Visum bei der Ankunft (falls erforderlich), stempeln Sie Ihren Pass auf die Passkontrolle, holen Sie Ihr Gep\u00e4ck ab) sehr schnell. Am Ende begleitet Sie unser Vertreter zur Ankunftshalle, zum Fahrzeug oder zu den Familienmitgliedern, die auf Ihre Ankunft warten.<\/p>\n","protected":false},"excerpt":{"rendered":"<p>Erste Kosten f\u00fcr Erwachsene<span style=\"color: #339966;\">\u00a0<strong>300$<\/strong>\u00a0<\/span>(Zus\u00e4tzliche Passagiere kosten\u00a0<span style=\"color: #ff9900;\"><strong>100$<\/strong>\u00a0<\/span>each).<\/p>\n","protected":false},"featured_media":15591,"comment_status":"open","ping_status":"closed","template":"","meta":{"_mi_skip_tracking":false},"product_cat":[1211,789],"product_tag":[507,544,509],"class_list":["post-20316","product","type-product","status-publish","has-post-thumbnail","hentry","product_cat-agypten","product_cat-marsa-royal-fast-track-de","product_tag-flughafen","product_tag-prinzendienst","product_tag-sharm-el-sheikh-de"],"yoast_head":"<!-- This site is optimized with the Yoast SEO Premium plugin v21.5 (Yoast SEO v21.5) - https:\/\/yoast.com\/wordpress\/plugins\/seo\/ -->\n<title>K\u00f6niglicher Schnelle Wege Marsa Alam - Global Marketing<\/title>\n<meta name=\"robots\" content=\"index, follow, max-snippet:-1, max-image-preview:large, max-video-preview:-1\" \/>\n<link rel=\"canonical\" href=\"https:\/\/gmtravelsolution.com\/de\/products\/koeniglicher-schnelle-wege-marsa-alam-neu\/\" \/>\n<meta property=\"og:locale\" content=\"de_DE\" \/>\n<meta property=\"og:type\" content=\"article\" \/>\n<meta property=\"og:title\" content=\"K\u00f6niglicher Schnelle Wege Marsa Alam\" \/>\n<meta property=\"og:description\" content=\"Erste Kosten f\u00fcr Erwachsene\u00a0300$\u00a0(Zus\u00e4tzliche Passagiere kosten\u00a0100$\u00a0each).\" \/>\n<meta property=\"og:url\" content=\"https:\/\/gmtravelsolution.com\/de\/products\/koeniglicher-schnelle-wege-marsa-alam-neu\/\" \/>\n<meta property=\"og:site_name\" content=\"Global Marketing\" \/>\n<meta property=\"article:modified_time\" content=\"2025-12-31T14:00:58+00:00\" \/>\n<meta property=\"og:image\" content=\"https:\/\/gmtravelsolution.com\/wp-content\/uploads\/2021\/01\/princes-service-1.jpg\" \/>\n\t<meta property=\"og:image:width\" content=\"768\" \/>\n\t<meta property=\"og:image:height\" content=\"392\" \/>\n\t<meta property=\"og:image:type\" content=\"image\/jpeg\" \/>\n<meta name=\"twitter:card\" content=\"summary_large_image\" \/>\n<meta name=\"twitter:label1\" content=\"Gesch\u00e4tzte Lesezeit\" \/>\n\t<meta name=\"twitter:data1\" content=\"1 Minute\" \/>\n<script type=\"application\/ld+json\" class=\"yoast-schema-graph\">{\"@context\":\"https:\/\/schema.org\",\"@graph\":[{\"@type\":\"WebPage\",\"@id\":\"https:\/\/gmtravelsolution.com\/de\/products\/koeniglicher-schnelle-wege-marsa-alam-neu\/\",\"url\":\"https:\/\/gmtravelsolution.com\/de\/products\/koeniglicher-schnelle-wege-marsa-alam-neu\/\",\"name\":\"K\u00f6niglicher Schnelle Wege Marsa Alam - Global Marketing\",\"isPartOf\":{\"@id\":\"https:\/\/gmtravelsolution.com\/#website\"},\"datePublished\":\"2022-04-30T20:17:22+00:00\",\"dateModified\":\"2025-12-31T14:00:58+00:00\",\"breadcrumb\":{\"@id\":\"https:\/\/gmtravelsolution.com\/de\/products\/koeniglicher-schnelle-wege-marsa-alam-neu\/#breadcrumb\"},\"inLanguage\":\"de-DE\",\"potentialAction\":[{\"@type\":\"ReadAction\",\"target\":[\"https:\/\/gmtravelsolution.com\/de\/products\/koeniglicher-schnelle-wege-marsa-alam-neu\/\"]}]},{\"@type\":\"BreadcrumbList\",\"@id\":\"https:\/\/gmtravelsolution.com\/de\/products\/koeniglicher-schnelle-wege-marsa-alam-neu\/#breadcrumb\",\"itemListElement\":[{\"@type\":\"ListItem\",\"position\":1,\"name\":\"Home\",\"item\":\"https:\/\/gmtravelsolution.com\/\"},{\"@type\":\"ListItem\",\"position\":2,\"name\":\"Buchung\",\"item\":\"https:\/\/gmtravelsolution.com\/de\/shop\/\"},{\"@type\":\"ListItem\",\"position\":3,\"name\":\"K\u00f6niglicher Schnelle Wege Marsa Alam\"}]},{\"@type\":\"WebSite\",\"@id\":\"https:\/\/gmtravelsolution.com\/#website\",\"url\":\"https:\/\/gmtravelsolution.com\/\",\"name\":\"Global Marketing\",\"description\":\"Travel Solution\",\"potentialAction\":[{\"@type\":\"SearchAction\",\"target\":{\"@type\":\"EntryPoint\",\"urlTemplate\":\"https:\/\/gmtravelsolution.com\/?s={search_term_string}\"},\"query-input\":\"required name=search_term_string\"}],\"inLanguage\":\"de-DE\"}]}<\/script>\n<!-- \/ Yoast SEO Premium plugin. -->","yoast_head_json":{"title":"K\u00f6niglicher Schnelle Wege Marsa Alam - Global Marketing","robots":{"index":"index","follow":"follow","max-snippet":"max-snippet:-1","max-image-preview":"max-image-preview:large","max-video-preview":"max-video-preview:-1"},"canonical":"https:\/\/gmtravelsolution.com\/de\/products\/koeniglicher-schnelle-wege-marsa-alam-neu\/","og_locale":"de_DE","og_type":"article","og_title":"K\u00f6niglicher Schnelle Wege Marsa Alam","og_description":"Erste Kosten f\u00fcr Erwachsene\u00a0300$\u00a0(Zus\u00e4tzliche Passagiere kosten\u00a0100$\u00a0each).","og_url":"https:\/\/gmtravelsolution.com\/de\/products\/koeniglicher-schnelle-wege-marsa-alam-neu\/","og_site_name":"Global Marketing","article_modified_time":"2025-12-31T14:00:58+00:00","og_image":[{"width":768,"height":392,"url":"https:\/\/gmtravelsolution.com\/wp-content\/uploads\/2021\/01\/princes-service-1.jpg","type":"image\/jpeg"}],"twitter_card":"summary_large_image","twitter_misc":{"Gesch\u00e4tzte Lesezeit":"1 Minute"},"schema":{"@context":"https:\/\/schema.org","@graph":[{"@type":"WebPage","@id":"https:\/\/gmtravelsolution.com\/de\/products\/koeniglicher-schnelle-wege-marsa-alam-neu\/","url":"https:\/\/gmtravelsolution.com\/de\/products\/koeniglicher-schnelle-wege-marsa-alam-neu\/","name":"K\u00f6niglicher Schnelle Wege Marsa Alam - Global Marketing","isPartOf":{"@id":"https:\/\/gmtravelsolution.com\/#website"},"datePublished":"2022-04-30T20:17:22+00:00","dateModified":"2025-12-31T14:00:58+00:00","breadcrumb":{"@id":"https:\/\/gmtravelsolution.com\/de\/products\/koeniglicher-schnelle-wege-marsa-alam-neu\/#breadcrumb"},"inLanguage":"de-DE","potentialAction":[{"@type":"ReadAction","target":["https:\/\/gmtravelsolution.com\/de\/products\/koeniglicher-schnelle-wege-marsa-alam-neu\/"]}]},{"@type":"BreadcrumbList","@id":"https:\/\/gmtravelsolution.com\/de\/products\/koeniglicher-schnelle-wege-marsa-alam-neu\/#breadcrumb","itemListElement":[{"@type":"ListItem","position":1,"name":"Home","item":"https:\/\/gmtravelsolution.com\/"},{"@type":"ListItem","position":2,"name":"Buchung","item":"https:\/\/gmtravelsolution.com\/de\/shop\/"},{"@type":"ListItem","position":3,"name":"K\u00f6niglicher Schnelle Wege Marsa Alam"}]},{"@type":"WebSite","@id":"https:\/\/gmtravelsolution.com\/#website","url":"https:\/\/gmtravelsolution.com\/","name":"Global Marketing","description":"Travel Solution","potentialAction":[{"@type":"SearchAction","target":{"@type":"EntryPoint","urlTemplate":"https:\/\/gmtravelsolution.com\/?s={search_term_string}"},"query-input":"required name=search_term_string"}],"inLanguage":"de-DE"}]}},"_links":{"self":[{"href":"https:\/\/gmtravelsolution.com\/de\/wp-json\/wp\/v2\/product\/20316","targetHints":{"allow":["GET"]}}],"collection":[{"href":"https:\/\/gmtravelsolution.com\/de\/wp-json\/wp\/v2\/product"}],"about":[{"href":"https:\/\/gmtravelsolution.com\/de\/wp-json\/wp\/v2\/types\/product"}],"replies":[{"embeddable":true,"href":"https:\/\/gmtravelsolution.com\/de\/wp-json\/wp\/v2\/comments?post=20316"}],"version-history":[{"count":6,"href":"https:\/\/gmtravelsolution.com\/de\/wp-json\/wp\/v2\/product\/20316\/revisions"}],"predecessor-version":[{"id":60916,"href":"https:\/\/gmtravelsolution.com\/de\/wp-json\/wp\/v2\/product\/20316\/revisions\/60916"}],"wp:featuredmedia":[{"embeddable":true,"href":"https:\/\/gmtravelsolution.com\/de\/wp-json\/wp\/v2\/media\/15591"}],"wp:attachment":[{"href":"https:\/\/gmtravelsolution.com\/de\/wp-json\/wp\/v2\/media?parent=20316"}],"wp:term":[{"taxonomy":"product_cat","embeddable":true,"href":"https:\/\/gmtravelsolution.com\/de\/wp-json\/wp\/v2\/product_cat?post=20316"},{"taxonomy":"product_tag","embeddable":true,"href":"https:\/\/gmtravelsolution.com\/de\/wp-json\/wp\/v2\/product_tag?post=20316"}],"curies":[{"name":"wp","href":"https:\/\/api.w.org\/{rel}","templated":true}]}}