{"id":20018,"date":"2022-04-28T08:45:13","date_gmt":"2022-04-28T06:45:16","guid":{"rendered":"https:\/\/gmtravelsolution.com\/?post_type=product&#038;p=20018"},"modified":"2025-12-31T13:39:26","modified_gmt":"2025-12-31T11:39:26","slug":"schnelle-wege-gold-sharm-el-sheikh-abfahrt","status":"publish","type":"product","link":"https:\/\/gmtravelsolution.com\/de\/products\/schnelle-wege-gold-sharm-el-sheikh-abfahrt\/","title":{"rendered":"Schnelle Wege Gold Sharm EL Sheikh Abfahrt"},"content":{"rendered":"<p>Erster Erwachsener Kosten <strong><span style=\"color: #339966;\">200$<\/span><\/strong> (Jeder weitere Erwachsene und Kinder kosten <strong><span style=\"color: #ff9900;\">80$<\/span><\/strong>; Kleinkinder jeweils <strong><span style=\"color: #ff9900;\">40$<\/span><\/strong>).<\/p>\n<p>Erwachsene: 12+ Jahre \/\/\/ Kinder: 2 &#8211; 11.99 Jahre \/\/\/ Kleinkinder: 0 &#8211; 1.99 Jahre<\/p>\n<p>Machen Sie Ihr Reisen privater und luxuri\u00f6ser und fahren Sie mit einem privaten Fahrzeug zu Ihrer Flugzeugt\u00fcr. Nachdem Sie alle Formalit\u00e4ten f\u00fcr Business- oder Economy-Kurse sehr schnell erledigt haben, begleitet Sie unser Agent zur VIP-Lounge, um sich vor Ihrem Flug zu entspannen und alle erforderlichen Einrichtungen zu nutzen. Anschlie\u00dfend fahren Sie mit einem privaten Fahrzeug zur Flugzeugt\u00fcr.<\/p>\n<p>Sie werden von einem unserer h\u00f6flichen Agenten empfangen, der ein Begr\u00fc\u00dfungsschild mit dem Namen des Gastes am Tor des Abflugterminals mit Portierassistent h\u00e4lt. Unser Agent erledigt alle Abflugformalit\u00e4ten ohne Warteschlange und sehr schnell an VIP-Schaltern.<\/p>\n<p>SSH<\/p>\n","protected":false},"excerpt":{"rendered":"<p>Dies ist der Abfahrtsservice, wenn Sie die Ankunft \u00fcberpr\u00fcfen m\u00f6chten, klicken Sie hier<\/p>\n[maxbutton id=\"1\" url=\"\/de\/products\/new-fast-track-gold-sharm\/\" text=\"Ankunft\" ]\n","protected":false},"featured_media":52047,"comment_status":"open","ping_status":"closed","template":"","meta":{"_mi_skip_tracking":false},"product_cat":[1211,746,1592,770,506],"product_tag":[507,543,509],"class_list":["post-20018","product","type-product","status-publish","has-post-thumbnail","hentry","product_cat-agypten","product_cat-gold-de","product_cat-sharm-el-sheikh-de","product_cat-sharm-gold-departure-de","product_cat-treffen-helfen","product_tag-flughafen","product_tag-meet-assist-plus-de","product_tag-sharm-el-sheikh-de"],"yoast_head":"<!-- This site is optimized with the Yoast SEO Premium plugin v21.5 (Yoast SEO v21.5) - https:\/\/yoast.com\/wordpress\/plugins\/seo\/ -->\n<title>Schnelle Wege Gold Sharm EL Sheikh Abfahrt - Global Marketing<\/title>\n<meta name=\"robots\" content=\"index, follow, max-snippet:-1, max-image-preview:large, max-video-preview:-1\" \/>\n<link rel=\"canonical\" href=\"https:\/\/gmtravelsolution.com\/de\/products\/schnelle-wege-gold-sharm-el-sheikh-abfahrt\/\" \/>\n<meta property=\"og:locale\" content=\"de_DE\" \/>\n<meta property=\"og:type\" content=\"article\" \/>\n<meta property=\"og:title\" content=\"Schnelle Wege Gold Sharm EL Sheikh Abfahrt\" \/>\n<meta property=\"og:description\" content=\"Dies ist der Abfahrtsservice, wenn Sie die Ankunft \u00fcberpr\u00fcfen m\u00f6chten, klicken Sie hier\" \/>\n<meta property=\"og:url\" content=\"https:\/\/gmtravelsolution.com\/de\/products\/schnelle-wege-gold-sharm-el-sheikh-abfahrt\/\" \/>\n<meta property=\"og:site_name\" content=\"Global Marketing\" \/>\n<meta property=\"article:modified_time\" content=\"2025-12-31T11:39:26+00:00\" \/>\n<meta property=\"og:image\" content=\"https:\/\/gmtravelsolution.com\/wp-content\/uploads\/2022\/04\/51.jpg\" \/>\n\t<meta property=\"og:image:width\" content=\"768\" \/>\n\t<meta property=\"og:image:height\" content=\"392\" \/>\n\t<meta property=\"og:image:type\" content=\"image\/jpeg\" \/>\n<meta name=\"twitter:card\" content=\"summary_large_image\" \/>\n<meta name=\"twitter:label1\" content=\"Gesch\u00e4tzte Lesezeit\" \/>\n\t<meta name=\"twitter:data1\" content=\"1 Minute\" \/>\n<script type=\"application\/ld+json\" class=\"yoast-schema-graph\">{\"@context\":\"https:\/\/schema.org\",\"@graph\":[{\"@type\":\"WebPage\",\"@id\":\"https:\/\/gmtravelsolution.com\/de\/products\/schnelle-wege-gold-sharm-el-sheikh-abfahrt\/\",\"url\":\"https:\/\/gmtravelsolution.com\/de\/products\/schnelle-wege-gold-sharm-el-sheikh-abfahrt\/\",\"name\":\"Schnelle Wege Gold Sharm EL Sheikh Abfahrt - Global Marketing\",\"isPartOf\":{\"@id\":\"https:\/\/gmtravelsolution.com\/#website\"},\"datePublished\":\"2022-04-28T06:45:16+00:00\",\"dateModified\":\"2025-12-31T11:39:26+00:00\",\"breadcrumb\":{\"@id\":\"https:\/\/gmtravelsolution.com\/de\/products\/schnelle-wege-gold-sharm-el-sheikh-abfahrt\/#breadcrumb\"},\"inLanguage\":\"de-DE\",\"potentialAction\":[{\"@type\":\"ReadAction\",\"target\":[\"https:\/\/gmtravelsolution.com\/de\/products\/schnelle-wege-gold-sharm-el-sheikh-abfahrt\/\"]}]},{\"@type\":\"BreadcrumbList\",\"@id\":\"https:\/\/gmtravelsolution.com\/de\/products\/schnelle-wege-gold-sharm-el-sheikh-abfahrt\/#breadcrumb\",\"itemListElement\":[{\"@type\":\"ListItem\",\"position\":1,\"name\":\"Home\",\"item\":\"https:\/\/gmtravelsolution.com\/\"},{\"@type\":\"ListItem\",\"position\":2,\"name\":\"Buchung\",\"item\":\"https:\/\/gmtravelsolution.com\/de\/shop\/\"},{\"@type\":\"ListItem\",\"position\":3,\"name\":\"Schnelle Wege Gold Sharm EL Sheikh Abfahrt\"}]},{\"@type\":\"WebSite\",\"@id\":\"https:\/\/gmtravelsolution.com\/#website\",\"url\":\"https:\/\/gmtravelsolution.com\/\",\"name\":\"Global Marketing\",\"description\":\"Travel Solution\",\"potentialAction\":[{\"@type\":\"SearchAction\",\"target\":{\"@type\":\"EntryPoint\",\"urlTemplate\":\"https:\/\/gmtravelsolution.com\/?s={search_term_string}\"},\"query-input\":\"required name=search_term_string\"}],\"inLanguage\":\"de-DE\"}]}<\/script>\n<!-- \/ Yoast SEO Premium plugin. -->","yoast_head_json":{"title":"Schnelle Wege Gold Sharm EL Sheikh Abfahrt - Global Marketing","robots":{"index":"index","follow":"follow","max-snippet":"max-snippet:-1","max-image-preview":"max-image-preview:large","max-video-preview":"max-video-preview:-1"},"canonical":"https:\/\/gmtravelsolution.com\/de\/products\/schnelle-wege-gold-sharm-el-sheikh-abfahrt\/","og_locale":"de_DE","og_type":"article","og_title":"Schnelle Wege Gold Sharm EL Sheikh Abfahrt","og_description":"Dies ist der Abfahrtsservice, wenn Sie die Ankunft \u00fcberpr\u00fcfen m\u00f6chten, klicken Sie hier","og_url":"https:\/\/gmtravelsolution.com\/de\/products\/schnelle-wege-gold-sharm-el-sheikh-abfahrt\/","og_site_name":"Global Marketing","article_modified_time":"2025-12-31T11:39:26+00:00","og_image":[{"width":768,"height":392,"url":"https:\/\/gmtravelsolution.com\/wp-content\/uploads\/2022\/04\/51.jpg","type":"image\/jpeg"}],"twitter_card":"summary_large_image","twitter_misc":{"Gesch\u00e4tzte Lesezeit":"1 Minute"},"schema":{"@context":"https:\/\/schema.org","@graph":[{"@type":"WebPage","@id":"https:\/\/gmtravelsolution.com\/de\/products\/schnelle-wege-gold-sharm-el-sheikh-abfahrt\/","url":"https:\/\/gmtravelsolution.com\/de\/products\/schnelle-wege-gold-sharm-el-sheikh-abfahrt\/","name":"Schnelle Wege Gold Sharm EL Sheikh Abfahrt - Global Marketing","isPartOf":{"@id":"https:\/\/gmtravelsolution.com\/#website"},"datePublished":"2022-04-28T06:45:16+00:00","dateModified":"2025-12-31T11:39:26+00:00","breadcrumb":{"@id":"https:\/\/gmtravelsolution.com\/de\/products\/schnelle-wege-gold-sharm-el-sheikh-abfahrt\/#breadcrumb"},"inLanguage":"de-DE","potentialAction":[{"@type":"ReadAction","target":["https:\/\/gmtravelsolution.com\/de\/products\/schnelle-wege-gold-sharm-el-sheikh-abfahrt\/"]}]},{"@type":"BreadcrumbList","@id":"https:\/\/gmtravelsolution.com\/de\/products\/schnelle-wege-gold-sharm-el-sheikh-abfahrt\/#breadcrumb","itemListElement":[{"@type":"ListItem","position":1,"name":"Home","item":"https:\/\/gmtravelsolution.com\/"},{"@type":"ListItem","position":2,"name":"Buchung","item":"https:\/\/gmtravelsolution.com\/de\/shop\/"},{"@type":"ListItem","position":3,"name":"Schnelle Wege Gold Sharm EL Sheikh Abfahrt"}]},{"@type":"WebSite","@id":"https:\/\/gmtravelsolution.com\/#website","url":"https:\/\/gmtravelsolution.com\/","name":"Global Marketing","description":"Travel Solution","potentialAction":[{"@type":"SearchAction","target":{"@type":"EntryPoint","urlTemplate":"https:\/\/gmtravelsolution.com\/?s={search_term_string}"},"query-input":"required name=search_term_string"}],"inLanguage":"de-DE"}]}},"_links":{"self":[{"href":"https:\/\/gmtravelsolution.com\/de\/wp-json\/wp\/v2\/product\/20018","targetHints":{"allow":["GET"]}}],"collection":[{"href":"https:\/\/gmtravelsolution.com\/de\/wp-json\/wp\/v2\/product"}],"about":[{"href":"https:\/\/gmtravelsolution.com\/de\/wp-json\/wp\/v2\/types\/product"}],"replies":[{"embeddable":true,"href":"https:\/\/gmtravelsolution.com\/de\/wp-json\/wp\/v2\/comments?post=20018"}],"version-history":[{"count":6,"href":"https:\/\/gmtravelsolution.com\/de\/wp-json\/wp\/v2\/product\/20018\/revisions"}],"predecessor-version":[{"id":60787,"href":"https:\/\/gmtravelsolution.com\/de\/wp-json\/wp\/v2\/product\/20018\/revisions\/60787"}],"wp:featuredmedia":[{"embeddable":true,"href":"https:\/\/gmtravelsolution.com\/de\/wp-json\/wp\/v2\/media\/52047"}],"wp:attachment":[{"href":"https:\/\/gmtravelsolution.com\/de\/wp-json\/wp\/v2\/media?parent=20018"}],"wp:term":[{"taxonomy":"product_cat","embeddable":true,"href":"https:\/\/gmtravelsolution.com\/de\/wp-json\/wp\/v2\/product_cat?post=20018"},{"taxonomy":"product_tag","embeddable":true,"href":"https:\/\/gmtravelsolution.com\/de\/wp-json\/wp\/v2\/product_tag?post=20018"}],"curies":[{"name":"wp","href":"https:\/\/api.w.org\/{rel}","templated":true}]}}