{"id":13981,"date":"2021-01-13T13:03:38","date_gmt":"2021-01-13T13:03:38","guid":{"rendered":"http:\/\/54.93.82.39\/products\/meet-assist-diamond-sharm-el-sheikh\/"},"modified":"2021-12-18T13:14:01","modified_gmt":"2021-12-18T11:14:01","slug":"meet-assist-diamond-sharm-el-sheikh","status":"publish","type":"product","link":"https:\/\/gmtravelsolution.com\/de\/products\/meet-assist-diamond-sharm-el-sheikh\/","title":{"rendered":"Schnelle Wege Gold Sharm EL Sheikh"},"content":{"rendered":"<p>[vc_row][vc_column][vc_column_text]Ankunft : Erster Erwachsener Kosten <strong><span style=\"color: #339966;\">175$<\/span><\/strong> (Zus\u00e4tzliche Passagiere kosten <strong><span style=\"color: #ff9900;\">30$<\/span><\/strong> jeder).<br \/>\nAbfahrt : Erster Erwachsener Kosten <strong><span style=\"color: #339966;\">175$<\/span><\/strong> (Zus\u00e4tzliche Passagiere kosten <strong><span style=\"color: #ff9900;\">65$<\/span><\/strong> jeder).<\/p>\n<p>Erwachsene : 12+ Jahre<br \/>\nKinder : 0 &#8211; 11.99 Jahre<\/p>\n<p>Machen Sie Ihr Reisen privater und luxuri\u00f6ser und fahren Sie mit einem privaten Fahrzeug zu Ihrer Flugzeugt\u00fcr. Nachdem Sie alle Formalit\u00e4ten f\u00fcr Business- oder Economy-Kurse sehr schnell erledigt haben, begleitet Sie unser Agent zur VIP-Lounge, um sich vor Ihrem Flug zu entspannen und alle erforderlichen Einrichtungen zu nutzen. Anschlie\u00dfend fahren Sie mit einem privaten Fahrzeug zur Flugzeugt\u00fcr.<\/p>\n<p>Sie werden von einem unserer h\u00f6flichen Agenten empfangen, der ein Begr\u00fc\u00dfungsschild mit dem Namen des Gastes am Tor des Abflugterminals mit Portierassistent h\u00e4lt. Unser Agent erledigt alle Abflugformalit\u00e4ten ohne Warteschlange und sehr schnell an VIP-Schaltern.[\/vc_column_text][\/vc_column][\/vc_row]<\/p>\n","protected":false},"excerpt":{"rendered":"<p>[vc_row][vc_column][vc_column_text]Ankunft : Erster Erwachsener Kosten 175$ (Zus\u00e4tzliche Passagiere kosten 30$ jeder). Abfahrt : Erster Erwachsener Kosten 175$ (Zus\u00e4tzliche Passagiere kosten<\/p>\n","protected":false},"featured_media":13837,"comment_status":"open","ping_status":"closed","template":"","meta":{"_mi_skip_tracking":false},"product_cat":[505,506],"product_tag":[507,508,509],"class_list":["post-13981","product","type-product","status-publish","has-post-thumbnail","hentry","product_cat-diamanten","product_cat-treffen-helfen","product_tag-flughafen","product_tag-meet-assist-de","product_tag-sharm-el-sheikh-de"],"yoast_head":"<!-- This site is optimized with the Yoast SEO Premium plugin v21.5 (Yoast SEO v21.5) - https:\/\/yoast.com\/wordpress\/plugins\/seo\/ -->\n<title>Schnelle Wege Gold Sharm EL Sheikh - Global Marketing<\/title>\n<meta name=\"robots\" content=\"index, follow, max-snippet:-1, max-image-preview:large, max-video-preview:-1\" \/>\n<link rel=\"canonical\" href=\"https:\/\/gmtravelsolution.com\/?post_type=product&p=9233\" \/>\n<meta property=\"og:locale\" content=\"de_DE\" \/>\n<meta property=\"og:type\" content=\"article\" \/>\n<meta property=\"og:title\" content=\"Schnelle Wege Gold Sharm EL Sheikh\" \/>\n<meta property=\"og:description\" content=\"[vc_row][vc_column][vc_column_text]Ankunft : Erster Erwachsener Kosten 175$ (Zus\u00e4tzliche Passagiere kosten 30$ jeder). Abfahrt : Erster Erwachsener Kosten 175$ (Zus\u00e4tzliche Passagiere kosten\" \/>\n<meta property=\"og:url\" content=\"https:\/\/gmtravelsolution.com\/?post_type=product&amp;p=9233\" \/>\n<meta property=\"og:site_name\" content=\"Global Marketing\" \/>\n<meta property=\"article:modified_time\" content=\"2021-12-18T11:14:01+00:00\" \/>\n<meta property=\"og:image\" content=\"https:\/\/gmtravelsolution.com\/wp-content\/uploads\/2021\/01\/private-jet-6-1.jpg\" \/>\n\t<meta property=\"og:image:width\" content=\"1280\" \/>\n\t<meta property=\"og:image:height\" content=\"731\" \/>\n\t<meta property=\"og:image:type\" content=\"image\/jpeg\" \/>\n<meta name=\"twitter:card\" content=\"summary_large_image\" \/>\n<meta name=\"twitter:label1\" content=\"Gesch\u00e4tzte Lesezeit\" \/>\n\t<meta name=\"twitter:data1\" content=\"1 Minute\" \/>\n<script type=\"application\/ld+json\" class=\"yoast-schema-graph\">{\"@context\":\"https:\/\/schema.org\",\"@graph\":[{\"@type\":\"WebPage\",\"@id\":\"https:\/\/gmtravelsolution.com\/?post_type=product&p=9233\",\"url\":\"https:\/\/gmtravelsolution.com\/?post_type=product&p=9233\",\"name\":\"Schnelle Wege Gold Sharm EL Sheikh - Global Marketing\",\"isPartOf\":{\"@id\":\"https:\/\/gmtravelsolution.com\/#website\"},\"datePublished\":\"2021-01-13T13:03:38+00:00\",\"dateModified\":\"2021-12-18T11:14:01+00:00\",\"breadcrumb\":{\"@id\":\"https:\/\/gmtravelsolution.com\/?post_type=product&p=9233#breadcrumb\"},\"inLanguage\":\"de-DE\",\"potentialAction\":[{\"@type\":\"ReadAction\",\"target\":[\"https:\/\/gmtravelsolution.com\/?post_type=product&p=9233\"]}]},{\"@type\":\"BreadcrumbList\",\"@id\":\"https:\/\/gmtravelsolution.com\/?post_type=product&p=9233#breadcrumb\",\"itemListElement\":[{\"@type\":\"ListItem\",\"position\":1,\"name\":\"Home\",\"item\":\"https:\/\/gmtravelsolution.com\/\"},{\"@type\":\"ListItem\",\"position\":2,\"name\":\"Buchung\",\"item\":\"https:\/\/gmtravelsolution.com\/de\/shop\/\"},{\"@type\":\"ListItem\",\"position\":3,\"name\":\"Schnelle Wege Gold Sharm EL Sheikh\"}]},{\"@type\":\"WebSite\",\"@id\":\"https:\/\/gmtravelsolution.com\/#website\",\"url\":\"https:\/\/gmtravelsolution.com\/\",\"name\":\"Global Marketing\",\"description\":\"Travel Solution\",\"potentialAction\":[{\"@type\":\"SearchAction\",\"target\":{\"@type\":\"EntryPoint\",\"urlTemplate\":\"https:\/\/gmtravelsolution.com\/?s={search_term_string}\"},\"query-input\":\"required name=search_term_string\"}],\"inLanguage\":\"de-DE\"}]}<\/script>\n<!-- \/ Yoast SEO Premium plugin. -->","yoast_head_json":{"title":"Schnelle Wege Gold Sharm EL Sheikh - Global Marketing","robots":{"index":"index","follow":"follow","max-snippet":"max-snippet:-1","max-image-preview":"max-image-preview:large","max-video-preview":"max-video-preview:-1"},"canonical":"https:\/\/gmtravelsolution.com\/?post_type=product&p=9233","og_locale":"de_DE","og_type":"article","og_title":"Schnelle Wege Gold Sharm EL Sheikh","og_description":"[vc_row][vc_column][vc_column_text]Ankunft : Erster Erwachsener Kosten 175$ (Zus\u00e4tzliche Passagiere kosten 30$ jeder). Abfahrt : Erster Erwachsener Kosten 175$ (Zus\u00e4tzliche Passagiere kosten","og_url":"https:\/\/gmtravelsolution.com\/?post_type=product&p=9233","og_site_name":"Global Marketing","article_modified_time":"2021-12-18T11:14:01+00:00","og_image":[{"width":1280,"height":731,"url":"https:\/\/gmtravelsolution.com\/wp-content\/uploads\/2021\/01\/private-jet-6-1.jpg","type":"image\/jpeg"}],"twitter_card":"summary_large_image","twitter_misc":{"Gesch\u00e4tzte Lesezeit":"1 Minute"},"schema":{"@context":"https:\/\/schema.org","@graph":[{"@type":"WebPage","@id":"https:\/\/gmtravelsolution.com\/?post_type=product&p=9233","url":"https:\/\/gmtravelsolution.com\/?post_type=product&p=9233","name":"Schnelle Wege Gold Sharm EL Sheikh - Global Marketing","isPartOf":{"@id":"https:\/\/gmtravelsolution.com\/#website"},"datePublished":"2021-01-13T13:03:38+00:00","dateModified":"2021-12-18T11:14:01+00:00","breadcrumb":{"@id":"https:\/\/gmtravelsolution.com\/?post_type=product&p=9233#breadcrumb"},"inLanguage":"de-DE","potentialAction":[{"@type":"ReadAction","target":["https:\/\/gmtravelsolution.com\/?post_type=product&p=9233"]}]},{"@type":"BreadcrumbList","@id":"https:\/\/gmtravelsolution.com\/?post_type=product&p=9233#breadcrumb","itemListElement":[{"@type":"ListItem","position":1,"name":"Home","item":"https:\/\/gmtravelsolution.com\/"},{"@type":"ListItem","position":2,"name":"Buchung","item":"https:\/\/gmtravelsolution.com\/de\/shop\/"},{"@type":"ListItem","position":3,"name":"Schnelle Wege Gold Sharm EL Sheikh"}]},{"@type":"WebSite","@id":"https:\/\/gmtravelsolution.com\/#website","url":"https:\/\/gmtravelsolution.com\/","name":"Global Marketing","description":"Travel Solution","potentialAction":[{"@type":"SearchAction","target":{"@type":"EntryPoint","urlTemplate":"https:\/\/gmtravelsolution.com\/?s={search_term_string}"},"query-input":"required name=search_term_string"}],"inLanguage":"de-DE"}]}},"_links":{"self":[{"href":"https:\/\/gmtravelsolution.com\/de\/wp-json\/wp\/v2\/product\/13981","targetHints":{"allow":["GET"]}}],"collection":[{"href":"https:\/\/gmtravelsolution.com\/de\/wp-json\/wp\/v2\/product"}],"about":[{"href":"https:\/\/gmtravelsolution.com\/de\/wp-json\/wp\/v2\/types\/product"}],"replies":[{"embeddable":true,"href":"https:\/\/gmtravelsolution.com\/de\/wp-json\/wp\/v2\/comments?post=13981"}],"version-history":[{"count":1,"href":"https:\/\/gmtravelsolution.com\/de\/wp-json\/wp\/v2\/product\/13981\/revisions"}],"predecessor-version":[{"id":14162,"href":"https:\/\/gmtravelsolution.com\/de\/wp-json\/wp\/v2\/product\/13981\/revisions\/14162"}],"wp:featuredmedia":[{"embeddable":true,"href":"https:\/\/gmtravelsolution.com\/de\/wp-json\/wp\/v2\/media\/13837"}],"wp:attachment":[{"href":"https:\/\/gmtravelsolution.com\/de\/wp-json\/wp\/v2\/media?parent=13981"}],"wp:term":[{"taxonomy":"product_cat","embeddable":true,"href":"https:\/\/gmtravelsolution.com\/de\/wp-json\/wp\/v2\/product_cat?post=13981"},{"taxonomy":"product_tag","embeddable":true,"href":"https:\/\/gmtravelsolution.com\/de\/wp-json\/wp\/v2\/product_tag?post=13981"}],"curies":[{"name":"wp","href":"https:\/\/api.w.org\/{rel}","templated":true}]}}