{"id":17046,"date":"2021-08-16T07:41:10","date_gmt":"2021-08-16T05:41:10","guid":{"rendered":"https:\/\/gmtravelsolution.com\/membership-introduction\/"},"modified":"2024-02-03T14:20:31","modified_gmt":"2024-02-03T12:20:31","slug":"membership-introduction","status":"publish","type":"page","link":"https:\/\/gmtravelsolution.com\/de\/membership-introduction\/","title":{"rendered":"Points Programm"},"content":{"rendered":"\t\t<div data-elementor-type=\"wp-page\" data-elementor-id=\"17046\" class=\"elementor elementor-17046 elementor-16998\" data-elementor-post-type=\"page\">\n\t\t\t\t\t\t\t\t\t<section data-particle_enable=\"false\" data-particle-mobile-disabled=\"false\" class=\"wd-negative-gap elementor-section elementor-top-section elementor-element elementor-element-159b543 elementor-section-boxed elementor-section-height-default elementor-section-height-default wd-section-disabled\" data-id=\"159b543\" data-element_type=\"section\">\n\t\t\t\t\t\t<div class=\"elementor-container elementor-column-gap-default\">\n\t\t\t\t\t<div class=\"elementor-column elementor-col-100 elementor-top-column elementor-element elementor-element-1c8c6b2e\" data-id=\"1c8c6b2e\" data-element_type=\"column\">\n\t\t\t<div class=\"elementor-widget-wrap elementor-element-populated\">\n\t\t\t\t\t\t\t\t<div class=\"elementor-element elementor-element-175a53d5 elementor-widget elementor-widget-image\" data-id=\"175a53d5\" data-element_type=\"widget\" data-widget_type=\"image.default\">\n\t\t\t\t<div class=\"elementor-widget-container\">\n\t\t\t<style>\/*! elementor - v3.15.0 - 20-08-2023 *\/\n.elementor-widget-image{text-align:center}.elementor-widget-image a{display:inline-block}.elementor-widget-image a img[src$=\".svg\"]{width:48px}.elementor-widget-image img{vertical-align:middle;display:inline-block}<\/style>\t\t\t\t\t\t\t\t\t\t\t\t<img loading=\"lazy\" decoding=\"async\" width=\"1920\" height=\"1280\" src=\"https:\/\/gmtravelsolution.com\/wp-content\/uploads\/2021\/08\/gm-membership-card-1920px.jpg\" class=\"attachment-full size-full wp-image-17000\" alt=\"gm-membership-card-1920px\" srcset=\"https:\/\/gmtravelsolution.com\/wp-content\/uploads\/2021\/08\/gm-membership-card-1920px.jpg 1920w, https:\/\/gmtravelsolution.com\/wp-content\/uploads\/2021\/08\/gm-membership-card-1920px-430x287.jpg 430w, https:\/\/gmtravelsolution.com\/wp-content\/uploads\/2021\/08\/gm-membership-card-1920px-150x100.jpg 150w, https:\/\/gmtravelsolution.com\/wp-content\/uploads\/2021\/08\/gm-membership-card-1920px-700x467.jpg 700w, https:\/\/gmtravelsolution.com\/wp-content\/uploads\/2021\/08\/gm-membership-card-1920px-300x200.jpg 300w, https:\/\/gmtravelsolution.com\/wp-content\/uploads\/2021\/08\/gm-membership-card-1920px-1024x683.jpg 1024w, https:\/\/gmtravelsolution.com\/wp-content\/uploads\/2021\/08\/gm-membership-card-1920px-768x512.jpg 768w, https:\/\/gmtravelsolution.com\/wp-content\/uploads\/2021\/08\/gm-membership-card-1920px-1536x1024.jpg 1536w, https:\/\/gmtravelsolution.com\/wp-content\/uploads\/2021\/08\/gm-membership-card-1920px-600x400.jpg 600w, https:\/\/gmtravelsolution.com\/wp-content\/uploads\/2021\/08\/gm-membership-card-1920px-128x84.jpg 128w\" sizes=\"auto, (max-width: 1920px) 100vw, 1920px\" \/>\t\t\t\t\t\t\t\t\t\t\t\t\t\t\t<\/div>\n\t\t\t\t<\/div>\n\t\t\t\t\t<\/div>\n\t\t<\/div>\n\t\t\t\t\t\t\t<\/div>\n\t\t<\/section>\n\t\t\t\t<section data-particle_enable=\"false\" data-particle-mobile-disabled=\"false\" class=\"wd-negative-gap elementor-section elementor-top-section elementor-element elementor-element-27004984 elementor-section-boxed elementor-section-height-default elementor-section-height-default wd-section-disabled\" data-id=\"27004984\" data-element_type=\"section\">\n\t\t\t\t\t\t<div class=\"elementor-container elementor-column-gap-default\">\n\t\t\t\t\t<div class=\"elementor-column elementor-col-100 elementor-top-column elementor-element elementor-element-6e7dc7ad\" data-id=\"6e7dc7ad\" data-element_type=\"column\">\n\t\t\t<div class=\"elementor-widget-wrap elementor-element-populated\">\n\t\t\t\t\t\t\t\t<div class=\"elementor-element elementor-element-468d1015 color-scheme-inherit text-left elementor-widget elementor-widget-text-editor\" data-id=\"468d1015\" data-element_type=\"widget\" data-widget_type=\"text-editor.default\">\n\t\t\t\t<div class=\"elementor-widget-container\">\n\t\t\t<style>\/*! elementor - v3.15.0 - 20-08-2023 *\/\n.elementor-widget-text-editor.elementor-drop-cap-view-stacked .elementor-drop-cap{background-color:#69727d;color:#fff}.elementor-widget-text-editor.elementor-drop-cap-view-framed .elementor-drop-cap{color:#69727d;border:3px solid;background-color:transparent}.elementor-widget-text-editor:not(.elementor-drop-cap-view-default) .elementor-drop-cap{margin-top:8px}.elementor-widget-text-editor:not(.elementor-drop-cap-view-default) .elementor-drop-cap-letter{width:1em;height:1em}.elementor-widget-text-editor .elementor-drop-cap{float:left;text-align:center;line-height:1;font-size:50px}.elementor-widget-text-editor .elementor-drop-cap-letter{display:inline-block}<\/style>\t\t\t\t<h3><strong>Willkommen bei GM\u2019s Membership Points Programm<br \/><\/strong><\/h3><p>Das Sammeln von Punkten ist ein sehr leistungsf\u00e4higes Instrument, das unsere Kunden nutzen k\u00f6nnen, um Geld zu sparen oder eine Belohnung zu erhalten, wenn sie bestimmte Punktzahlen erreicht haben.<\/p><h3><span id=\"Punkte_und_Belohnungen\" class=\"ez-toc-section _mPS2id-t mPS2id-target\"><\/span><strong>Punkte und Belohnungen<br \/><\/strong><\/h3><p>Wir ermutigen unsere lieben Nutzer, sich auf unserer Plattform zu registrieren, um Punkte zu sammeln. Sie erhalten Punkte f\u00fcr jede Buchung oder Reservierung, die Sie bei uns vornehmen, und je mehr Punkte Sie bei bestimmten Ausgabenschwellen, an Geburtstagen oder f\u00fcr jede von Ihnen geschriebene Bewertung auf unserer Plattform sammeln, usw.<\/p><p>Die Punkte werden automatisch in einen Rabatt umgewandelt, den Sie bei der Buchung einer Dienstleistung an der Kasse in Anspruch nehmen k\u00f6nnen. Und Sie k\u00f6nnen die gesammelten Punkte in Ihrem eigenen Dashboard \u00fcbersichtlich verfolgen.<\/p><p>Ihr Dashboard zeigt Ihnen genau an, wie viele Punkte Sie in den letzten 2 Jahren gesammelt haben. Das System ist so konzipiert, dass Sie einen detaillierten \u00dcberblick erhalten, so dass Sie auch \u00fcberpr\u00fcfen k\u00f6nnen, wie viele Punkte Sie f\u00fcr jede spezifische Aktion, die Sie auf unserer Plattform durchgef\u00fchrt haben, gesammelt haben.<\/p><h3><span id=\"Rueckzahlungsfrist\" class=\"ez-toc-section _mPS2id-t mPS2id-target\"><\/span><strong>R\u00fcckzahlungsfrist<br \/><\/strong><\/h3><p>Die Punkte sind 2 Jahre lang g\u00fcltig, d. h. Sie k\u00f6nnen 2 Jahre lang Punkte sammeln, und vor Ablauf dieser Zeit k\u00f6nnen Sie den Betrag verwenden, da er automatisch in Geld umgewandelt wird, das Sie als Rabatt verwenden k\u00f6nnen.<\/p><h3><span id=\"Wie_man_Punkte_erhaelt\" class=\"ez-toc-section _mPS2id-t mPS2id-target\"><\/span><strong>Wie man Punkte erh\u00e4lt<br \/><\/strong><\/h3><p><strong>Einkaufen<\/strong>\u00a0Wenn Sie einen Einkauf \u00fcber unsere Website t\u00e4tigen, teilt Ihnen das System vor der Buchung automatisch mit, wie viele Punkte Sie verdienen werden. Sobald die Bestellung aufgegeben wurde, erhalten Sie den verdienten Betrag in Ihrem Punktez\u00e4hler auf dem Dashboard Ihres Kontos.<\/p><p><strong>Bewertungen<\/strong>: Sie k\u00f6nnen auch Punkte sammeln, wenn Sie eine Bewertung \u00fcber eine Dienstleistung schreiben, die Sie bei uns in Anspruch genommen haben. Das ist wirklich hilfreich und Ihre Punkte sind f\u00fcr uns ein Zeichen der Wertsch\u00e4tzung f\u00fcr den Austausch Ihrer Erfahrungen.<\/p><p><strong>Sie k\u00f6nnen<\/strong>\u00a0auch bei anderen Anl\u00e4ssen wie Geburtstagen und Neujahr Punkte sammeln.<\/p><p><strong>Wenn Sie<\/strong>\u00a0sich auf unserer Plattform registrieren, erhalten Sie nicht nur kostenlose Punkte, sondern Sie sehen auch jedes Mal, wenn Sie eine Dienstleistung buchen, verschiedene Optionen.<\/p><p><strong>Meilensteine<\/strong>: Wenn Sie eine bestimmte Punktzahl erreichen, z. B. 1000, erhalten Sie auch kostenlose Punkte.<\/p><p>\u00a0<\/p><h3><span id=\"Wie_Benutzer_aktualisiert_werden\" class=\"ez-toc-section _mPS2id-t\"><\/span><strong>Wie Benutzer aktualisiert werden<br \/><\/strong><\/h3><p>Unser System sendet Ihnen automatisch eine E-Mail-Benachrichtigung \u00fcber Ihre Punkteaktualisierungen und Ihren Status, so dass Sie Ihre Gesamtzahl an Punkten stets im Auge behalten k\u00f6nnen<\/p><h3><span id=\"Diamant-_und_VIP-Mitglieder\" class=\"ez-toc-section _mPS2id-t\"><\/span>Diamant- und VIP-Mitglieder<\/h3><p>Sobald Ihre Karte ein Jahr lang g\u00fcltig ist, k\u00f6nnen Sie unsere kostenlosen Verg\u00fcnstigungen in Anspruch nehmen, wie z. B. private Limousinen und Blumengr\u00fc\u00dfe bei Ihrer Ankunft auf einem beliebigen Flughafen in den L\u00e4ndern, in denen wir t\u00e4tig sind (\u00c4GYPTEN).<\/p><h3><span id=\"Mitgliedschaftskarte\" class=\"ez-toc-section _mPS2id-t\"><\/span><strong><br \/>Mitgliedschaftskarte<\/strong><\/h3><p>Sobald Sie auf unserer Plattform registriert sind, wird Ihrem Konto und Ihrer Karte automatisch eine 6-stellige Nummer zugewiesen. Sie k\u00f6nnen diese Karte \u00fcberpr\u00fcfen und sogar in HD-Qualit\u00e4t ausdrucken.<\/p><p>Um die Karte auszudrucken, gehen Sie einfach auf Ihr Konto und w\u00e4hlen Sie \u201eMitgliedskarte\u201c. Dort sehen Sie Ihre Karte und die restlichen Details sowie eine Anleitung, wie Sie sie ausdrucken k\u00f6nnen.<\/p>\t\t\t\t\t\t<\/div>\n\t\t\t\t<\/div>\n\t\t\t\t\t<\/div>\n\t\t<\/div>\n\t\t\t\t\t\t\t<\/div>\n\t\t<\/section>\n\t\t\t\t<section data-particle_enable=\"false\" data-particle-mobile-disabled=\"false\" class=\"wd-negative-gap elementor-section elementor-top-section elementor-element elementor-element-11f2811f elementor-section-boxed elementor-section-height-default elementor-section-height-default wd-section-disabled\" data-id=\"11f2811f\" data-element_type=\"section\">\n\t\t\t\t\t\t<div class=\"elementor-container elementor-column-gap-default\">\n\t\t\t\t\t<div class=\"elementor-column elementor-col-100 elementor-top-column elementor-element elementor-element-16146f8d\" data-id=\"16146f8d\" data-element_type=\"column\">\n\t\t\t<div class=\"elementor-widget-wrap elementor-element-populated\">\n\t\t\t\t\t\t\t\t<div class=\"elementor-element elementor-element-4e83e587 elementor-widget elementor-widget-wd_button\" data-id=\"4e83e587\" data-element_type=\"widget\" data-widget_type=\"wd_button.default\">\n\t\t\t\t<div class=\"elementor-widget-container\">\n\t\t\t\t\t<div class=\"wd-button-wrapper text-left\" >\n\t\t\t<a class=\"btn btn-style-default btn-style-rectangle btn-size-default btn-color-default btn-icon-pos-right\"  href=\"\/de\/membership-landing-page\/\">\n\t\t\t\t<span class=\"wd-btn-text\" data-elementor-setting-key=\"text\">\n\t\t\t\t\tLos geht&#039;s\t\t\t\t<\/span>\n\n\t\t\t\t\t\t\t<\/a>\n\t\t<\/div>\n\t\t\t\t<\/div>\n\t\t\t\t<\/div>\n\t\t\t\t\t<\/div>\n\t\t<\/div>\n\t\t\t\t\t\t\t<\/div>\n\t\t<\/section>\n\t\t\t\t\t\t\t<\/div>\n\t\t","protected":false},"excerpt":{"rendered":"<p>Willkommen bei GM\u2019s Membership Points Programm Das Sammeln von Punkten ist ein sehr leistungsf\u00e4higes Instrument, das unsere Kunden nutzen k\u00f6nnen,<\/p>\n","protected":false},"author":2,"featured_media":17002,"parent":0,"menu_order":0,"comment_status":"closed","ping_status":"closed","template":"","meta":{"_mi_skip_tracking":false,"footnotes":""},"class_list":["post-17046","page","type-page","status-publish","has-post-thumbnail","hentry"],"yoast_head":"<!-- This site is optimized with the Yoast SEO Premium plugin v21.5 (Yoast SEO v21.5) - https:\/\/yoast.com\/wordpress\/plugins\/seo\/ -->\n<title>Points Programm - Global Marketing<\/title>\n<meta name=\"robots\" content=\"index, follow, max-snippet:-1, max-image-preview:large, max-video-preview:-1\" \/>\n<link rel=\"canonical\" href=\"https:\/\/gmtravelsolution.com\/de\/membership-introduction\/\" \/>\n<meta property=\"og:locale\" content=\"de_DE\" \/>\n<meta property=\"og:type\" content=\"article\" \/>\n<meta property=\"og:title\" content=\"Points Programm\" \/>\n<meta property=\"og:description\" content=\"Willkommen bei GM\u2019s Membership Points Programm Das Sammeln von Punkten ist ein sehr leistungsf\u00e4higes Instrument, das unsere Kunden nutzen k\u00f6nnen,\" \/>\n<meta property=\"og:url\" content=\"https:\/\/gmtravelsolution.com\/de\/membership-introduction\/\" \/>\n<meta property=\"og:site_name\" content=\"Global Marketing\" \/>\n<meta property=\"article:modified_time\" content=\"2024-02-03T12:20:31+00:00\" \/>\n<meta property=\"og:image\" content=\"https:\/\/gmtravelsolution.com\/wp-content\/uploads\/2021\/08\/gm-membership-card-1920px.jpg\" \/>\n\t<meta property=\"og:image:width\" content=\"1920\" \/>\n\t<meta property=\"og:image:height\" content=\"1280\" \/>\n\t<meta property=\"og:image:type\" content=\"image\/jpeg\" \/>\n<meta name=\"twitter:card\" content=\"summary_large_image\" \/>\n<meta name=\"twitter:label1\" content=\"Gesch\u00e4tzte Lesezeit\" \/>\n\t<meta name=\"twitter:data1\" content=\"3 Minuten\" \/>\n<script type=\"application\/ld+json\" class=\"yoast-schema-graph\">{\"@context\":\"https:\/\/schema.org\",\"@graph\":[{\"@type\":\"WebPage\",\"@id\":\"https:\/\/gmtravelsolution.com\/de\/membership-introduction\/\",\"url\":\"https:\/\/gmtravelsolution.com\/de\/membership-introduction\/\",\"name\":\"Points Programm - Global Marketing\",\"isPartOf\":{\"@id\":\"https:\/\/gmtravelsolution.com\/#website\"},\"datePublished\":\"2021-08-16T05:41:10+00:00\",\"dateModified\":\"2024-02-03T12:20:31+00:00\",\"breadcrumb\":{\"@id\":\"https:\/\/gmtravelsolution.com\/de\/membership-introduction\/#breadcrumb\"},\"inLanguage\":\"de-DE\",\"potentialAction\":[{\"@type\":\"ReadAction\",\"target\":[\"https:\/\/gmtravelsolution.com\/de\/membership-introduction\/\"]}]},{\"@type\":\"BreadcrumbList\",\"@id\":\"https:\/\/gmtravelsolution.com\/de\/membership-introduction\/#breadcrumb\",\"itemListElement\":[{\"@type\":\"ListItem\",\"position\":1,\"name\":\"Home\",\"item\":\"https:\/\/gmtravelsolution.com\/\"},{\"@type\":\"ListItem\",\"position\":2,\"name\":\"Points Programm\"}]},{\"@type\":\"WebSite\",\"@id\":\"https:\/\/gmtravelsolution.com\/#website\",\"url\":\"https:\/\/gmtravelsolution.com\/\",\"name\":\"Global Marketing\",\"description\":\"Travel Solution\",\"potentialAction\":[{\"@type\":\"SearchAction\",\"target\":{\"@type\":\"EntryPoint\",\"urlTemplate\":\"https:\/\/gmtravelsolution.com\/?s={search_term_string}\"},\"query-input\":\"required name=search_term_string\"}],\"inLanguage\":\"de-DE\"}]}<\/script>\n<!-- \/ Yoast SEO Premium plugin. -->","yoast_head_json":{"title":"Points Programm - Global Marketing","robots":{"index":"index","follow":"follow","max-snippet":"max-snippet:-1","max-image-preview":"max-image-preview:large","max-video-preview":"max-video-preview:-1"},"canonical":"https:\/\/gmtravelsolution.com\/de\/membership-introduction\/","og_locale":"de_DE","og_type":"article","og_title":"Points Programm","og_description":"Willkommen bei GM\u2019s Membership Points Programm Das Sammeln von Punkten ist ein sehr leistungsf\u00e4higes Instrument, das unsere Kunden nutzen k\u00f6nnen,","og_url":"https:\/\/gmtravelsolution.com\/de\/membership-introduction\/","og_site_name":"Global Marketing","article_modified_time":"2024-02-03T12:20:31+00:00","og_image":[{"width":1920,"height":1280,"url":"https:\/\/gmtravelsolution.com\/wp-content\/uploads\/2021\/08\/gm-membership-card-1920px.jpg","type":"image\/jpeg"}],"twitter_card":"summary_large_image","twitter_misc":{"Gesch\u00e4tzte Lesezeit":"3 Minuten"},"schema":{"@context":"https:\/\/schema.org","@graph":[{"@type":"WebPage","@id":"https:\/\/gmtravelsolution.com\/de\/membership-introduction\/","url":"https:\/\/gmtravelsolution.com\/de\/membership-introduction\/","name":"Points Programm - Global Marketing","isPartOf":{"@id":"https:\/\/gmtravelsolution.com\/#website"},"datePublished":"2021-08-16T05:41:10+00:00","dateModified":"2024-02-03T12:20:31+00:00","breadcrumb":{"@id":"https:\/\/gmtravelsolution.com\/de\/membership-introduction\/#breadcrumb"},"inLanguage":"de-DE","potentialAction":[{"@type":"ReadAction","target":["https:\/\/gmtravelsolution.com\/de\/membership-introduction\/"]}]},{"@type":"BreadcrumbList","@id":"https:\/\/gmtravelsolution.com\/de\/membership-introduction\/#breadcrumb","itemListElement":[{"@type":"ListItem","position":1,"name":"Home","item":"https:\/\/gmtravelsolution.com\/"},{"@type":"ListItem","position":2,"name":"Points Programm"}]},{"@type":"WebSite","@id":"https:\/\/gmtravelsolution.com\/#website","url":"https:\/\/gmtravelsolution.com\/","name":"Global Marketing","description":"Travel Solution","potentialAction":[{"@type":"SearchAction","target":{"@type":"EntryPoint","urlTemplate":"https:\/\/gmtravelsolution.com\/?s={search_term_string}"},"query-input":"required name=search_term_string"}],"inLanguage":"de-DE"}]}},"_links":{"self":[{"href":"https:\/\/gmtravelsolution.com\/de\/wp-json\/wp\/v2\/pages\/17046","targetHints":{"allow":["GET"]}}],"collection":[{"href":"https:\/\/gmtravelsolution.com\/de\/wp-json\/wp\/v2\/pages"}],"about":[{"href":"https:\/\/gmtravelsolution.com\/de\/wp-json\/wp\/v2\/types\/page"}],"author":[{"embeddable":true,"href":"https:\/\/gmtravelsolution.com\/de\/wp-json\/wp\/v2\/users\/2"}],"replies":[{"embeddable":true,"href":"https:\/\/gmtravelsolution.com\/de\/wp-json\/wp\/v2\/comments?post=17046"}],"version-history":[{"count":11,"href":"https:\/\/gmtravelsolution.com\/de\/wp-json\/wp\/v2\/pages\/17046\/revisions"}],"predecessor-version":[{"id":38792,"href":"https:\/\/gmtravelsolution.com\/de\/wp-json\/wp\/v2\/pages\/17046\/revisions\/38792"}],"wp:featuredmedia":[{"embeddable":true,"href":"https:\/\/gmtravelsolution.com\/de\/wp-json\/wp\/v2\/media\/17002"}],"wp:attachment":[{"href":"https:\/\/gmtravelsolution.com\/de\/wp-json\/wp\/v2\/media?parent=17046"}],"curies":[{"name":"wp","href":"https:\/\/api.w.org\/{rel}","templated":true}]}}